{"id":52057,"date":"2021-03-26T18:40:28","date_gmt":"2021-03-26T21:40:28","guid":{"rendered":"http:\/\/muraldeaventuras.com.br\/blog\/?post_type=product&#038;p=52057"},"modified":"2022-10-21T10:00:15","modified_gmt":"2022-10-21T13:00:15","slug":"camisa-ciclismo-modelo-novo-r-14200","status":"publish","type":"product","link":"https:\/\/muraldeaventuras.com.br\/blog\/loja\/camisa-ciclismo-modelo-novo-r-14200\/","title":{"rendered":".Camisa Ciclismo &#8211; Novo Modelo (R$ 139,00)"},"content":{"rendered":"<p>A <strong>Camisa Padr\u00e3o<\/strong> do Mural de Aventuras foi desenvolvida por uma empresa especializada em vestu\u00e1rio esportivo, onde utilizam materiais de alta qualidade na confec\u00e7\u00e3o de seus produtos. As camisas possuem caracter\u00edsticas e tecnologia de ponta, s\u00e3o elas:<\/p>\n<h3>ZIPER FULL COM TRAVA AUTOM\u00c1TICA<\/h3>\n<h3>LATERAIS COM TECIDO VENTILADO<\/h3>\n<h3>CORTE A LASER NAS MANGAS<\/h3>\n<h3>TRUELIFEDRY:<\/h3>\n<p>Tecnologia que simula a transpira\u00e7\u00e3o, transportando todo o suor para as camadas mais externas do tecido.<\/p>\n<h3>BACTERICIDA SILVER:<\/h3>\n<p>Tecido com tratamento a base de prata que afasta as bact\u00e9rias e evita o mal\u00a0odor.<\/p>\n<h3>PROTE\u00c7\u00c3O UV +50:<\/h3>\n<p>Prote\u00e7\u00e3o contra raios ultravioleta. Equivalente a um filtro solar fator 50.<\/p>\n<h3>XTREME COOL:<\/h3>\n<p>O selo Xtreme Cool garante que o produto foi testado em diversas situa\u00e7\u00f5es e aprovado com rela\u00e7\u00e3o a conforto, durabilidade e pr\u00e1ticas sustent\u00e1veis de fabrica\u00e7\u00e3o.<\/p>\n<p>Tamanhos Adulto: PP, P M, G, GG, XG<\/p>\n<h3><span style=\"color: #008000;\"><strong>VALOR: R$ 139,00.<\/strong><\/span><\/h3>\n<p><strong>ATEN\u00c7\u00c3O:<\/strong> Antes de fechar compra, verifique disponibilidade de tamanho atrav\u00e9s de nosso contato WHASTAPP: (71) 98871-6506 (<strong><a href=\"https:\/\/api.whatsapp.com\/send?phone=5571988716506\">WhatsApp CLIQUE AQUI<\/a>)<\/strong>.<\/p>\n<p><strong>PAGUE NO PIX(CELULAR): 71988716506<\/strong><\/p>\n<p><strong>Obs.:<\/strong><\/p>\n<ul>\n<li>Verificar disponibilidade de estoque antes de comprar.<\/li>\n<li>Ap\u00f3s realizar o pagamento, enviar comprovante no contato abaixo.<\/li>\n<\/ul>\n<p><strong>CONTATO E INFORMA\u00c7\u00d5ES:<\/strong> (71) 98871-6506 (<a href=\"https:\/\/api.whatsapp.com\/send?phone=5571988716506\">WhatsApp CLIQUE AQUI<\/a>)<\/p>\n","protected":false},"excerpt":{"rendered":"<p>A <strong>Camisa Padr\u00e3o<\/strong> do Mural de Aventuras foi desenvolvida por uma empresa especializada em vestu\u00e1rio esportivo, onde utilizam materiais de alta qualidade na confec\u00e7\u00e3o de seus produtos. As camisas possuem caracter\u00edsticas e tecnologia de ponta: TRUELIFEDRY, BACTERICIDA SILVER, PROTE\u00c7\u00c3O UV +50 e XTREME COOL.<\/p>\n","protected":false},"featured_media":52221,"comment_status":"open","ping_status":"closed","template":"","meta":{"_acf_changed":false},"product_brand":[],"product_cat":[15],"product_tag":[],"class_list":{"0":"post-52057","1":"product","2":"type-product","3":"status-publish","4":"has-post-thumbnail","6":"product_cat-roupas","8":"first","9":"instock","10":"shipping-taxable","11":"product-type-simple"},"better_featured_image":{"id":52221,"alt_text":"","caption":"","description":"","media_type":"image","media_details":{"width":1080,"height":1080,"file":"2021\/03\/WhatsApp-Image-2022-10-21-at-09.52.36.jpeg","sizes":{"medium":{"file":"WhatsApp-Image-2022-10-21-at-09.52.36-300x300.jpeg","width":300,"height":300,"mime-type":"image\/jpeg","source_url":"https:\/\/muraldeaventuras.com.br\/blog\/wp-content\/uploads\/2021\/03\/WhatsApp-Image-2022-10-21-at-09.52.36-300x300.jpeg"},"large":{"file":"WhatsApp-Image-2022-10-21-at-09.52.36-1024x1024.jpeg","width":1024,"height":1024,"mime-type":"image\/jpeg","source_url":"https:\/\/muraldeaventuras.com.br\/blog\/wp-content\/uploads\/2021\/03\/WhatsApp-Image-2022-10-21-at-09.52.36-1024x1024.jpeg"},"thumbnail":{"file":"WhatsApp-Image-2022-10-21-at-09.52.36-150x150.jpeg","width":150,"height":150,"mime-type":"image\/jpeg","source_url":"https:\/\/muraldeaventuras.com.br\/blog\/wp-content\/uploads\/2021\/03\/WhatsApp-Image-2022-10-21-at-09.52.36-150x150.jpeg"},"medium_large":{"file":"WhatsApp-Image-2022-10-21-at-09.52.36-768x768.jpeg","width":768,"height":768,"mime-type":"image\/jpeg","source_url":"https:\/\/muraldeaventuras.com.br\/blog\/wp-content\/uploads\/2021\/03\/WhatsApp-Image-2022-10-21-at-09.52.36-768x768.jpeg"},"big-news":{"file":"WhatsApp-Image-2022-10-21-at-09.52.36-752x442.jpeg","width":752,"height":442,"mime-type":"image\/jpeg","source_url":"https:\/\/muraldeaventuras.com.br\/blog\/wp-content\/uploads\/2021\/03\/WhatsApp-Image-2022-10-21-at-09.52.36-752x442.jpeg"},"medium-news":{"file":"WhatsApp-Image-2022-10-21-at-09.52.36-346x206.jpeg","width":346,"height":206,"mime-type":"image\/jpeg","source_url":"https:\/\/muraldeaventuras.com.br\/blog\/wp-content\/uploads\/2021\/03\/WhatsApp-Image-2022-10-21-at-09.52.36-346x206.jpeg"},"thumb-news":{"file":"WhatsApp-Image-2022-10-21-at-09.52.36-345x250.jpeg","width":345,"height":250,"mime-type":"image\/jpeg","source_url":"https:\/\/muraldeaventuras.com.br\/blog\/wp-content\/uploads\/2021\/03\/WhatsApp-Image-2022-10-21-at-09.52.36-345x250.jpeg"},"thumb-news-sidebar":{"file":"WhatsApp-Image-2022-10-21-at-09.52.36-345x200.jpeg","width":345,"height":200,"mime-type":"image\/jpeg","source_url":"https:\/\/muraldeaventuras.com.br\/blog\/wp-content\/uploads\/2021\/03\/WhatsApp-Image-2022-10-21-at-09.52.36-345x200.jpeg"},"thumb-news-small":{"file":"WhatsApp-Image-2022-10-21-at-09.52.36-128x80.jpeg","width":128,"height":80,"mime-type":"image\/jpeg","source_url":"https:\/\/muraldeaventuras.com.br\/blog\/wp-content\/uploads\/2021\/03\/WhatsApp-Image-2022-10-21-at-09.52.36-128x80.jpeg"},"medium-loja":{"file":"WhatsApp-Image-2022-10-21-at-09.52.36-270x270.jpeg","width":270,"height":270,"mime-type":"image\/jpeg","source_url":"https:\/\/muraldeaventuras.com.br\/blog\/wp-content\/uploads\/2021\/03\/WhatsApp-Image-2022-10-21-at-09.52.36-270x270.jpeg"},"thumb-small":{"file":"WhatsApp-Image-2022-10-21-at-09.52.36-270x270.jpeg","width":270,"height":270,"mime-type":"image\/jpeg","source_url":"https:\/\/muraldeaventuras.com.br\/blog\/wp-content\/uploads\/2021\/03\/WhatsApp-Image-2022-10-21-at-09.52.36-270x270.jpeg"},"woocommerce_thumbnail":{"file":"WhatsApp-Image-2022-10-21-at-09.52.36-300x300.jpeg","width":300,"height":300,"mime-type":"image\/jpeg","uncropped":false,"source_url":"https:\/\/muraldeaventuras.com.br\/blog\/wp-content\/uploads\/2021\/03\/WhatsApp-Image-2022-10-21-at-09.52.36-300x300.jpeg"},"woocommerce_single":{"file":"WhatsApp-Image-2022-10-21-at-09.52.36-600x600.jpeg","width":600,"height":600,"mime-type":"image\/jpeg","source_url":"https:\/\/muraldeaventuras.com.br\/blog\/wp-content\/uploads\/2021\/03\/WhatsApp-Image-2022-10-21-at-09.52.36-600x600.jpeg"},"woocommerce_gallery_thumbnail":{"file":"WhatsApp-Image-2022-10-21-at-09.52.36-100x100.jpeg","width":100,"height":100,"mime-type":"image\/jpeg","source_url":"https:\/\/muraldeaventuras.com.br\/blog\/wp-content\/uploads\/2021\/03\/WhatsApp-Image-2022-10-21-at-09.52.36-100x100.jpeg"},"shop_catalog":{"file":"WhatsApp-Image-2022-10-21-at-09.52.36-300x300.jpeg","width":300,"height":300,"mime-type":"image\/jpeg","source_url":"https:\/\/muraldeaventuras.com.br\/blog\/wp-content\/uploads\/2021\/03\/WhatsApp-Image-2022-10-21-at-09.52.36-300x300.jpeg"},"shop_single":{"file":"WhatsApp-Image-2022-10-21-at-09.52.36-600x600.jpeg","width":600,"height":600,"mime-type":"image\/jpeg","source_url":"https:\/\/muraldeaventuras.com.br\/blog\/wp-content\/uploads\/2021\/03\/WhatsApp-Image-2022-10-21-at-09.52.36-600x600.jpeg"},"shop_thumbnail":{"file":"WhatsApp-Image-2022-10-21-at-09.52.36-100x100.jpeg","width":100,"height":100,"mime-type":"image\/jpeg","source_url":"https:\/\/muraldeaventuras.com.br\/blog\/wp-content\/uploads\/2021\/03\/WhatsApp-Image-2022-10-21-at-09.52.36-100x100.jpeg"}},"image_meta":{"aperture":"0","credit":"","camera":"","caption":"","created_timestamp":"0","copyright":"","focal_length":"0","iso":"0","shutter_speed":"0","title":"","orientation":"0","keywords":[]}},"post":52057,"source_url":"https:\/\/muraldeaventuras.com.br\/blog\/wp-content\/uploads\/2021\/03\/WhatsApp-Image-2022-10-21-at-09.52.36.jpeg"},"acf":[],"yoast_head":"<!-- This site is optimized with the Yoast SEO plugin v27.2 - https:\/\/yoast.com\/product\/yoast-seo-wordpress\/ -->\n<title>.Camisa Ciclismo - Novo Modelo (R$ 139,00) - Mural de Aventuras<\/title>\n<meta name=\"robots\" content=\"index, follow, max-snippet:-1, max-image-preview:large, max-video-preview:-1\" \/>\n<link rel=\"canonical\" href=\"https:\/\/muraldeaventuras.com.br\/blog\/loja\/camisa-ciclismo-modelo-novo-r-14200\/\" \/>\n<meta property=\"og:locale\" content=\"pt_BR\" \/>\n<meta property=\"og:type\" content=\"article\" \/>\n<meta property=\"og:title\" content=\".Camisa Ciclismo - Novo Modelo (R$ 139,00) - Mural de Aventuras\" \/>\n<meta property=\"og:description\" content=\"A Camisa Padr\u00e3o do Mural de Aventuras foi desenvolvida por uma empresa especializada em vestu\u00e1rio esportivo, onde utilizam materiais de alta qualidade na confec\u00e7\u00e3o de seus produtos. As camisas possuem caracter\u00edsticas e tecnologia de ponta: TRUELIFEDRY, BACTERICIDA SILVER, PROTE\u00c7\u00c3O UV +50 e XTREME COOL.\" \/>\n<meta property=\"og:url\" content=\"https:\/\/muraldeaventuras.com.br\/blog\/loja\/camisa-ciclismo-modelo-novo-r-14200\/\" \/>\n<meta property=\"og:site_name\" content=\"Mural de Aventuras\" \/>\n<meta property=\"article:modified_time\" content=\"2022-10-21T13:00:15+00:00\" \/>\n<meta property=\"og:image\" content=\"https:\/\/muraldeaventuras.com.br\/blog\/wp-content\/uploads\/2021\/03\/WhatsApp-Image-2022-10-21-at-09.52.36.jpeg\" \/>\n\t<meta property=\"og:image:width\" content=\"1080\" \/>\n\t<meta property=\"og:image:height\" content=\"1080\" \/>\n\t<meta property=\"og:image:type\" content=\"image\/jpeg\" \/>\n<meta name=\"twitter:card\" content=\"summary_large_image\" \/>\n<meta name=\"twitter:label1\" content=\"Est. tempo de leitura\" \/>\n\t<meta name=\"twitter:data1\" content=\"1 minuto\" \/>\n<script type=\"application\/ld+json\" class=\"yoast-schema-graph\">{\"@context\":\"https:\/\/schema.org\",\"@graph\":[{\"@type\":\"WebPage\",\"@id\":\"https:\/\/muraldeaventuras.com.br\/blog\/loja\/camisa-ciclismo-modelo-novo-r-14200\/\",\"url\":\"https:\/\/muraldeaventuras.com.br\/blog\/loja\/camisa-ciclismo-modelo-novo-r-14200\/\",\"name\":\".Camisa Ciclismo - Novo Modelo (R$ 139,00) - Mural de Aventuras\",\"isPartOf\":{\"@id\":\"https:\/\/muraldeaventuras.com.br\/blog\/#website\"},\"primaryImageOfPage\":{\"@id\":\"https:\/\/muraldeaventuras.com.br\/blog\/loja\/camisa-ciclismo-modelo-novo-r-14200\/#primaryimage\"},\"image\":{\"@id\":\"https:\/\/muraldeaventuras.com.br\/blog\/loja\/camisa-ciclismo-modelo-novo-r-14200\/#primaryimage\"},\"thumbnailUrl\":\"https:\/\/muraldeaventuras.com.br\/blog\/wp-content\/uploads\/2021\/03\/WhatsApp-Image-2022-10-21-at-09.52.36.jpeg\",\"datePublished\":\"2021-03-26T21:40:28+00:00\",\"dateModified\":\"2022-10-21T13:00:15+00:00\",\"breadcrumb\":{\"@id\":\"https:\/\/muraldeaventuras.com.br\/blog\/loja\/camisa-ciclismo-modelo-novo-r-14200\/#breadcrumb\"},\"inLanguage\":\"pt-BR\",\"potentialAction\":[{\"@type\":\"ReadAction\",\"target\":[\"https:\/\/muraldeaventuras.com.br\/blog\/loja\/camisa-ciclismo-modelo-novo-r-14200\/\"]}]},{\"@type\":\"ImageObject\",\"inLanguage\":\"pt-BR\",\"@id\":\"https:\/\/muraldeaventuras.com.br\/blog\/loja\/camisa-ciclismo-modelo-novo-r-14200\/#primaryimage\",\"url\":\"https:\/\/muraldeaventuras.com.br\/blog\/wp-content\/uploads\/2021\/03\/WhatsApp-Image-2022-10-21-at-09.52.36.jpeg\",\"contentUrl\":\"https:\/\/muraldeaventuras.com.br\/blog\/wp-content\/uploads\/2021\/03\/WhatsApp-Image-2022-10-21-at-09.52.36.jpeg\",\"width\":1080,\"height\":1080},{\"@type\":\"BreadcrumbList\",\"@id\":\"https:\/\/muraldeaventuras.com.br\/blog\/loja\/camisa-ciclismo-modelo-novo-r-14200\/#breadcrumb\",\"itemListElement\":[{\"@type\":\"ListItem\",\"position\":1,\"name\":\"In\u00edcio\",\"item\":\"https:\/\/muraldeaventuras.com.br\/blog\/\"},{\"@type\":\"ListItem\",\"position\":2,\"name\":\".Camisa Ciclismo &#8211; Novo Modelo (R$ 139,00)\"}]},{\"@type\":\"WebSite\",\"@id\":\"https:\/\/muraldeaventuras.com.br\/blog\/#website\",\"url\":\"https:\/\/muraldeaventuras.com.br\/blog\/\",\"name\":\"Mural de Aventuras\",\"description\":\"\",\"potentialAction\":[{\"@type\":\"SearchAction\",\"target\":{\"@type\":\"EntryPoint\",\"urlTemplate\":\"https:\/\/muraldeaventuras.com.br\/blog\/?s={search_term_string}\"},\"query-input\":{\"@type\":\"PropertyValueSpecification\",\"valueRequired\":true,\"valueName\":\"search_term_string\"}}],\"inLanguage\":\"pt-BR\"}]}<\/script>\n<!-- \/ Yoast SEO plugin. -->","yoast_head_json":{"title":".Camisa Ciclismo - Novo Modelo (R$ 139,00) - Mural de Aventuras","robots":{"index":"index","follow":"follow","max-snippet":"max-snippet:-1","max-image-preview":"max-image-preview:large","max-video-preview":"max-video-preview:-1"},"canonical":"https:\/\/muraldeaventuras.com.br\/blog\/loja\/camisa-ciclismo-modelo-novo-r-14200\/","og_locale":"pt_BR","og_type":"article","og_title":".Camisa Ciclismo - Novo Modelo (R$ 139,00) - Mural de Aventuras","og_description":"A Camisa Padr\u00e3o do Mural de Aventuras foi desenvolvida por uma empresa especializada em vestu\u00e1rio esportivo, onde utilizam materiais de alta qualidade na confec\u00e7\u00e3o de seus produtos. As camisas possuem caracter\u00edsticas e tecnologia de ponta: TRUELIFEDRY, BACTERICIDA SILVER, PROTE\u00c7\u00c3O UV +50 e XTREME COOL.","og_url":"https:\/\/muraldeaventuras.com.br\/blog\/loja\/camisa-ciclismo-modelo-novo-r-14200\/","og_site_name":"Mural de Aventuras","article_modified_time":"2022-10-21T13:00:15+00:00","og_image":[{"width":1080,"height":1080,"url":"https:\/\/muraldeaventuras.com.br\/blog\/wp-content\/uploads\/2021\/03\/WhatsApp-Image-2022-10-21-at-09.52.36.jpeg","type":"image\/jpeg"}],"twitter_card":"summary_large_image","twitter_misc":{"Est. tempo de leitura":"1 minuto"},"schema":{"@context":"https:\/\/schema.org","@graph":[{"@type":"WebPage","@id":"https:\/\/muraldeaventuras.com.br\/blog\/loja\/camisa-ciclismo-modelo-novo-r-14200\/","url":"https:\/\/muraldeaventuras.com.br\/blog\/loja\/camisa-ciclismo-modelo-novo-r-14200\/","name":".Camisa Ciclismo - Novo Modelo (R$ 139,00) - Mural de Aventuras","isPartOf":{"@id":"https:\/\/muraldeaventuras.com.br\/blog\/#website"},"primaryImageOfPage":{"@id":"https:\/\/muraldeaventuras.com.br\/blog\/loja\/camisa-ciclismo-modelo-novo-r-14200\/#primaryimage"},"image":{"@id":"https:\/\/muraldeaventuras.com.br\/blog\/loja\/camisa-ciclismo-modelo-novo-r-14200\/#primaryimage"},"thumbnailUrl":"https:\/\/muraldeaventuras.com.br\/blog\/wp-content\/uploads\/2021\/03\/WhatsApp-Image-2022-10-21-at-09.52.36.jpeg","datePublished":"2021-03-26T21:40:28+00:00","dateModified":"2022-10-21T13:00:15+00:00","breadcrumb":{"@id":"https:\/\/muraldeaventuras.com.br\/blog\/loja\/camisa-ciclismo-modelo-novo-r-14200\/#breadcrumb"},"inLanguage":"pt-BR","potentialAction":[{"@type":"ReadAction","target":["https:\/\/muraldeaventuras.com.br\/blog\/loja\/camisa-ciclismo-modelo-novo-r-14200\/"]}]},{"@type":"ImageObject","inLanguage":"pt-BR","@id":"https:\/\/muraldeaventuras.com.br\/blog\/loja\/camisa-ciclismo-modelo-novo-r-14200\/#primaryimage","url":"https:\/\/muraldeaventuras.com.br\/blog\/wp-content\/uploads\/2021\/03\/WhatsApp-Image-2022-10-21-at-09.52.36.jpeg","contentUrl":"https:\/\/muraldeaventuras.com.br\/blog\/wp-content\/uploads\/2021\/03\/WhatsApp-Image-2022-10-21-at-09.52.36.jpeg","width":1080,"height":1080},{"@type":"BreadcrumbList","@id":"https:\/\/muraldeaventuras.com.br\/blog\/loja\/camisa-ciclismo-modelo-novo-r-14200\/#breadcrumb","itemListElement":[{"@type":"ListItem","position":1,"name":"In\u00edcio","item":"https:\/\/muraldeaventuras.com.br\/blog\/"},{"@type":"ListItem","position":2,"name":".Camisa Ciclismo &#8211; Novo Modelo (R$ 139,00)"}]},{"@type":"WebSite","@id":"https:\/\/muraldeaventuras.com.br\/blog\/#website","url":"https:\/\/muraldeaventuras.com.br\/blog\/","name":"Mural de Aventuras","description":"","potentialAction":[{"@type":"SearchAction","target":{"@type":"EntryPoint","urlTemplate":"https:\/\/muraldeaventuras.com.br\/blog\/?s={search_term_string}"},"query-input":{"@type":"PropertyValueSpecification","valueRequired":true,"valueName":"search_term_string"}}],"inLanguage":"pt-BR"}]}},"jetpack_sharing_enabled":true,"_links":{"self":[{"href":"https:\/\/muraldeaventuras.com.br\/blog\/wp-json\/wp\/v2\/product\/52057","targetHints":{"allow":["GET"]}}],"collection":[{"href":"https:\/\/muraldeaventuras.com.br\/blog\/wp-json\/wp\/v2\/product"}],"about":[{"href":"https:\/\/muraldeaventuras.com.br\/blog\/wp-json\/wp\/v2\/types\/product"}],"replies":[{"embeddable":true,"href":"https:\/\/muraldeaventuras.com.br\/blog\/wp-json\/wp\/v2\/comments?post=52057"}],"wp:featuredmedia":[{"embeddable":true,"href":"https:\/\/muraldeaventuras.com.br\/blog\/wp-json\/wp\/v2\/media\/52221"}],"wp:attachment":[{"href":"https:\/\/muraldeaventuras.com.br\/blog\/wp-json\/wp\/v2\/media?parent=52057"}],"wp:term":[{"taxonomy":"product_brand","embeddable":true,"href":"https:\/\/muraldeaventuras.com.br\/blog\/wp-json\/wp\/v2\/product_brand?post=52057"},{"taxonomy":"product_cat","embeddable":true,"href":"https:\/\/muraldeaventuras.com.br\/blog\/wp-json\/wp\/v2\/product_cat?post=52057"},{"taxonomy":"product_tag","embeddable":true,"href":"https:\/\/muraldeaventuras.com.br\/blog\/wp-json\/wp\/v2\/product_tag?post=52057"}],"curies":[{"name":"wp","href":"https:\/\/api.w.org\/{rel}","templated":true}]}}