{"id":51831,"date":"2020-06-08T20:11:36","date_gmt":"2020-06-08T23:11:36","guid":{"rendered":"http:\/\/muraldeaventuras.com.br\/blog\/?post_type=product&#038;p=51831"},"modified":"2022-10-21T10:38:18","modified_gmt":"2022-10-21T13:38:18","slug":"bones-varios-modelos-r3000","status":"publish","type":"product","link":"https:\/\/muraldeaventuras.com.br\/blog\/loja\/bones-varios-modelos-r3000\/","title":{"rendered":"Bon\u00e9s &#8211; V\u00e1rios Modelos (R$40,00)"},"content":{"rendered":"<p>V\u00e1rias cores e modelos de estampa. Escolha entre os v\u00e1rios modelos.<br \/>\nTamanho \u00fanico.<\/p>\n<h3><span style=\"color: #008000;\"><strong>VALOR: R$ 40,00.<\/strong><\/span><\/h3>\n<p><strong>ATEN\u00c7\u00c3O:<\/strong> Antes de fechar compra, verifique disponibilidade do modelo atrav\u00e9s de nosso contato WHASTAPP: (71) 98871-6506 (<strong><a href=\"https:\/\/api.whatsapp.com\/send?phone=5571988716506\">WhatsApp CLIQUE AQUI<\/a>)<\/strong>.<\/p>\n<p class=\"ql-align-justify\"><strong>CONTAS PARA DEP\u00d3SITO:<br \/>\nPIX(Celular): 71988716506<\/strong><\/p>\n<p><strong>Obs.:<\/strong><\/p>\n<ul>\n<li>Verificar disponibilidade de estoque antes de comprar.<\/li>\n<li>Ap\u00f3s realizar o pagamento, enviar comprovante no contato abaixo.<\/li>\n<\/ul>\n<p><strong>CONTATO E INFORMA\u00c7\u00d5ES:<\/strong> (71) 98871-6506 (<a href=\"https:\/\/api.whatsapp.com\/send?phone=5571988716506\">WhatsApp CLIQUE AQUI<\/a>)<\/p>\n","protected":false},"excerpt":{"rendered":"<p>V\u00e1rias cores e modelos de estampa. Escolha o seu.<br \/>\nTamanho \u00fanico.<\/p>\n","protected":false},"featured_media":52224,"comment_status":"open","ping_status":"closed","template":"","meta":{"_acf_changed":false},"product_brand":[],"product_cat":[15],"product_tag":[],"class_list":{"0":"post-51831","1":"product","2":"type-product","3":"status-publish","4":"has-post-thumbnail","6":"product_cat-roupas","8":"first","9":"outofstock","10":"shipping-taxable","11":"product-type-simple"},"better_featured_image":{"id":52224,"alt_text":"","caption":"","description":"","media_type":"image","media_details":{"width":1597,"height":1600,"file":"2020\/06\/WhatsApp-Image-2022-10-21-at-10.32.25.jpeg","sizes":{"medium":{"file":"WhatsApp-Image-2022-10-21-at-10.32.25-300x300.jpeg","width":300,"height":300,"mime-type":"image\/jpeg","source_url":"https:\/\/muraldeaventuras.com.br\/blog\/wp-content\/uploads\/2020\/06\/WhatsApp-Image-2022-10-21-at-10.32.25-300x300.jpeg"},"large":{"file":"WhatsApp-Image-2022-10-21-at-10.32.25-1022x1024.jpeg","width":1022,"height":1024,"mime-type":"image\/jpeg","source_url":"https:\/\/muraldeaventuras.com.br\/blog\/wp-content\/uploads\/2020\/06\/WhatsApp-Image-2022-10-21-at-10.32.25-1022x1024.jpeg"},"thumbnail":{"file":"WhatsApp-Image-2022-10-21-at-10.32.25-150x150.jpeg","width":150,"height":150,"mime-type":"image\/jpeg","source_url":"https:\/\/muraldeaventuras.com.br\/blog\/wp-content\/uploads\/2020\/06\/WhatsApp-Image-2022-10-21-at-10.32.25-150x150.jpeg"},"medium_large":{"file":"WhatsApp-Image-2022-10-21-at-10.32.25-768x769.jpeg","width":768,"height":769,"mime-type":"image\/jpeg","source_url":"https:\/\/muraldeaventuras.com.br\/blog\/wp-content\/uploads\/2020\/06\/WhatsApp-Image-2022-10-21-at-10.32.25-768x769.jpeg"},"1536x1536":{"file":"WhatsApp-Image-2022-10-21-at-10.32.25-1533x1536.jpeg","width":1533,"height":1536,"mime-type":"image\/jpeg","source_url":"https:\/\/muraldeaventuras.com.br\/blog\/wp-content\/uploads\/2020\/06\/WhatsApp-Image-2022-10-21-at-10.32.25-1533x1536.jpeg"},"big-news":{"file":"WhatsApp-Image-2022-10-21-at-10.32.25-752x442.jpeg","width":752,"height":442,"mime-type":"image\/jpeg","source_url":"https:\/\/muraldeaventuras.com.br\/blog\/wp-content\/uploads\/2020\/06\/WhatsApp-Image-2022-10-21-at-10.32.25-752x442.jpeg"},"medium-news":{"file":"WhatsApp-Image-2022-10-21-at-10.32.25-346x206.jpeg","width":346,"height":206,"mime-type":"image\/jpeg","source_url":"https:\/\/muraldeaventuras.com.br\/blog\/wp-content\/uploads\/2020\/06\/WhatsApp-Image-2022-10-21-at-10.32.25-346x206.jpeg"},"thumb-news":{"file":"WhatsApp-Image-2022-10-21-at-10.32.25-345x250.jpeg","width":345,"height":250,"mime-type":"image\/jpeg","source_url":"https:\/\/muraldeaventuras.com.br\/blog\/wp-content\/uploads\/2020\/06\/WhatsApp-Image-2022-10-21-at-10.32.25-345x250.jpeg"},"thumb-news-sidebar":{"file":"WhatsApp-Image-2022-10-21-at-10.32.25-345x200.jpeg","width":345,"height":200,"mime-type":"image\/jpeg","source_url":"https:\/\/muraldeaventuras.com.br\/blog\/wp-content\/uploads\/2020\/06\/WhatsApp-Image-2022-10-21-at-10.32.25-345x200.jpeg"},"thumb-news-small":{"file":"WhatsApp-Image-2022-10-21-at-10.32.25-128x80.jpeg","width":128,"height":80,"mime-type":"image\/jpeg","source_url":"https:\/\/muraldeaventuras.com.br\/blog\/wp-content\/uploads\/2020\/06\/WhatsApp-Image-2022-10-21-at-10.32.25-128x80.jpeg"},"medium-loja":{"file":"WhatsApp-Image-2022-10-21-at-10.32.25-270x270.jpeg","width":270,"height":270,"mime-type":"image\/jpeg","source_url":"https:\/\/muraldeaventuras.com.br\/blog\/wp-content\/uploads\/2020\/06\/WhatsApp-Image-2022-10-21-at-10.32.25-270x270.jpeg"},"thumb-small":{"file":"WhatsApp-Image-2022-10-21-at-10.32.25-270x270.jpeg","width":270,"height":270,"mime-type":"image\/jpeg","source_url":"https:\/\/muraldeaventuras.com.br\/blog\/wp-content\/uploads\/2020\/06\/WhatsApp-Image-2022-10-21-at-10.32.25-270x270.jpeg"},"woocommerce_thumbnail":{"file":"WhatsApp-Image-2022-10-21-at-10.32.25-300x300.jpeg","width":300,"height":300,"mime-type":"image\/jpeg","uncropped":false,"source_url":"https:\/\/muraldeaventuras.com.br\/blog\/wp-content\/uploads\/2020\/06\/WhatsApp-Image-2022-10-21-at-10.32.25-300x300.jpeg"},"woocommerce_single":{"file":"WhatsApp-Image-2022-10-21-at-10.32.25-600x601.jpeg","width":600,"height":601,"mime-type":"image\/jpeg","source_url":"https:\/\/muraldeaventuras.com.br\/blog\/wp-content\/uploads\/2020\/06\/WhatsApp-Image-2022-10-21-at-10.32.25-600x601.jpeg"},"woocommerce_gallery_thumbnail":{"file":"WhatsApp-Image-2022-10-21-at-10.32.25-100x100.jpeg","width":100,"height":100,"mime-type":"image\/jpeg","source_url":"https:\/\/muraldeaventuras.com.br\/blog\/wp-content\/uploads\/2020\/06\/WhatsApp-Image-2022-10-21-at-10.32.25-100x100.jpeg"},"shop_catalog":{"file":"WhatsApp-Image-2022-10-21-at-10.32.25-300x300.jpeg","width":300,"height":300,"mime-type":"image\/jpeg","source_url":"https:\/\/muraldeaventuras.com.br\/blog\/wp-content\/uploads\/2020\/06\/WhatsApp-Image-2022-10-21-at-10.32.25-300x300.jpeg"},"shop_single":{"file":"WhatsApp-Image-2022-10-21-at-10.32.25-600x601.jpeg","width":600,"height":601,"mime-type":"image\/jpeg","source_url":"https:\/\/muraldeaventuras.com.br\/blog\/wp-content\/uploads\/2020\/06\/WhatsApp-Image-2022-10-21-at-10.32.25-600x601.jpeg"},"shop_thumbnail":{"file":"WhatsApp-Image-2022-10-21-at-10.32.25-100x100.jpeg","width":100,"height":100,"mime-type":"image\/jpeg","source_url":"https:\/\/muraldeaventuras.com.br\/blog\/wp-content\/uploads\/2020\/06\/WhatsApp-Image-2022-10-21-at-10.32.25-100x100.jpeg"}},"image_meta":{"aperture":"0","credit":"","camera":"","caption":"","created_timestamp":"0","copyright":"","focal_length":"0","iso":"0","shutter_speed":"0","title":"","orientation":"0","keywords":[]}},"post":51831,"source_url":"https:\/\/muraldeaventuras.com.br\/blog\/wp-content\/uploads\/2020\/06\/WhatsApp-Image-2022-10-21-at-10.32.25.jpeg"},"acf":[],"yoast_head":"<!-- This site is optimized with the Yoast SEO plugin v27.2 - https:\/\/yoast.com\/product\/yoast-seo-wordpress\/ -->\n<title>Bon\u00e9s - V\u00e1rios Modelos (R$40,00) - Mural de Aventuras<\/title>\n<meta name=\"robots\" content=\"index, follow, max-snippet:-1, max-image-preview:large, max-video-preview:-1\" \/>\n<link rel=\"canonical\" href=\"https:\/\/muraldeaventuras.com.br\/blog\/loja\/bones-varios-modelos-r3000\/\" \/>\n<meta property=\"og:locale\" content=\"pt_BR\" \/>\n<meta property=\"og:type\" content=\"article\" \/>\n<meta property=\"og:title\" content=\"Bon\u00e9s - V\u00e1rios Modelos (R$40,00) - Mural de Aventuras\" \/>\n<meta property=\"og:description\" content=\"V\u00e1rias cores e modelos de estampa. Escolha o seu. Tamanho \u00fanico.\" \/>\n<meta property=\"og:url\" content=\"https:\/\/muraldeaventuras.com.br\/blog\/loja\/bones-varios-modelos-r3000\/\" \/>\n<meta property=\"og:site_name\" content=\"Mural de Aventuras\" \/>\n<meta property=\"article:modified_time\" content=\"2022-10-21T13:38:18+00:00\" \/>\n<meta property=\"og:image\" content=\"https:\/\/muraldeaventuras.com.br\/blog\/wp-content\/uploads\/2020\/06\/WhatsApp-Image-2022-10-21-at-10.32.25.jpeg\" \/>\n\t<meta property=\"og:image:width\" content=\"1597\" \/>\n\t<meta property=\"og:image:height\" content=\"1600\" \/>\n\t<meta property=\"og:image:type\" content=\"image\/jpeg\" \/>\n<meta name=\"twitter:card\" content=\"summary_large_image\" \/>\n<script type=\"application\/ld+json\" class=\"yoast-schema-graph\">{\"@context\":\"https:\/\/schema.org\",\"@graph\":[{\"@type\":\"WebPage\",\"@id\":\"https:\/\/muraldeaventuras.com.br\/blog\/loja\/bones-varios-modelos-r3000\/\",\"url\":\"https:\/\/muraldeaventuras.com.br\/blog\/loja\/bones-varios-modelos-r3000\/\",\"name\":\"Bon\u00e9s - V\u00e1rios Modelos (R$40,00) - Mural de Aventuras\",\"isPartOf\":{\"@id\":\"https:\/\/muraldeaventuras.com.br\/blog\/#website\"},\"primaryImageOfPage\":{\"@id\":\"https:\/\/muraldeaventuras.com.br\/blog\/loja\/bones-varios-modelos-r3000\/#primaryimage\"},\"image\":{\"@id\":\"https:\/\/muraldeaventuras.com.br\/blog\/loja\/bones-varios-modelos-r3000\/#primaryimage\"},\"thumbnailUrl\":\"https:\/\/muraldeaventuras.com.br\/blog\/wp-content\/uploads\/2020\/06\/WhatsApp-Image-2022-10-21-at-10.32.25.jpeg\",\"datePublished\":\"2020-06-08T23:11:36+00:00\",\"dateModified\":\"2022-10-21T13:38:18+00:00\",\"breadcrumb\":{\"@id\":\"https:\/\/muraldeaventuras.com.br\/blog\/loja\/bones-varios-modelos-r3000\/#breadcrumb\"},\"inLanguage\":\"pt-BR\",\"potentialAction\":[{\"@type\":\"ReadAction\",\"target\":[\"https:\/\/muraldeaventuras.com.br\/blog\/loja\/bones-varios-modelos-r3000\/\"]}]},{\"@type\":\"ImageObject\",\"inLanguage\":\"pt-BR\",\"@id\":\"https:\/\/muraldeaventuras.com.br\/blog\/loja\/bones-varios-modelos-r3000\/#primaryimage\",\"url\":\"https:\/\/muraldeaventuras.com.br\/blog\/wp-content\/uploads\/2020\/06\/WhatsApp-Image-2022-10-21-at-10.32.25.jpeg\",\"contentUrl\":\"https:\/\/muraldeaventuras.com.br\/blog\/wp-content\/uploads\/2020\/06\/WhatsApp-Image-2022-10-21-at-10.32.25.jpeg\",\"width\":1597,\"height\":1600},{\"@type\":\"BreadcrumbList\",\"@id\":\"https:\/\/muraldeaventuras.com.br\/blog\/loja\/bones-varios-modelos-r3000\/#breadcrumb\",\"itemListElement\":[{\"@type\":\"ListItem\",\"position\":1,\"name\":\"In\u00edcio\",\"item\":\"https:\/\/muraldeaventuras.com.br\/blog\/\"},{\"@type\":\"ListItem\",\"position\":2,\"name\":\"Bon\u00e9s &#8211; V\u00e1rios Modelos (R$40,00)\"}]},{\"@type\":\"WebSite\",\"@id\":\"https:\/\/muraldeaventuras.com.br\/blog\/#website\",\"url\":\"https:\/\/muraldeaventuras.com.br\/blog\/\",\"name\":\"Mural de Aventuras\",\"description\":\"\",\"potentialAction\":[{\"@type\":\"SearchAction\",\"target\":{\"@type\":\"EntryPoint\",\"urlTemplate\":\"https:\/\/muraldeaventuras.com.br\/blog\/?s={search_term_string}\"},\"query-input\":{\"@type\":\"PropertyValueSpecification\",\"valueRequired\":true,\"valueName\":\"search_term_string\"}}],\"inLanguage\":\"pt-BR\"}]}<\/script>\n<!-- \/ Yoast SEO plugin. -->","yoast_head_json":{"title":"Bon\u00e9s - V\u00e1rios Modelos (R$40,00) - Mural de Aventuras","robots":{"index":"index","follow":"follow","max-snippet":"max-snippet:-1","max-image-preview":"max-image-preview:large","max-video-preview":"max-video-preview:-1"},"canonical":"https:\/\/muraldeaventuras.com.br\/blog\/loja\/bones-varios-modelos-r3000\/","og_locale":"pt_BR","og_type":"article","og_title":"Bon\u00e9s - V\u00e1rios Modelos (R$40,00) - Mural de Aventuras","og_description":"V\u00e1rias cores e modelos de estampa. Escolha o seu. Tamanho \u00fanico.","og_url":"https:\/\/muraldeaventuras.com.br\/blog\/loja\/bones-varios-modelos-r3000\/","og_site_name":"Mural de Aventuras","article_modified_time":"2022-10-21T13:38:18+00:00","og_image":[{"width":1597,"height":1600,"url":"https:\/\/muraldeaventuras.com.br\/blog\/wp-content\/uploads\/2020\/06\/WhatsApp-Image-2022-10-21-at-10.32.25.jpeg","type":"image\/jpeg"}],"twitter_card":"summary_large_image","schema":{"@context":"https:\/\/schema.org","@graph":[{"@type":"WebPage","@id":"https:\/\/muraldeaventuras.com.br\/blog\/loja\/bones-varios-modelos-r3000\/","url":"https:\/\/muraldeaventuras.com.br\/blog\/loja\/bones-varios-modelos-r3000\/","name":"Bon\u00e9s - V\u00e1rios Modelos (R$40,00) - Mural de Aventuras","isPartOf":{"@id":"https:\/\/muraldeaventuras.com.br\/blog\/#website"},"primaryImageOfPage":{"@id":"https:\/\/muraldeaventuras.com.br\/blog\/loja\/bones-varios-modelos-r3000\/#primaryimage"},"image":{"@id":"https:\/\/muraldeaventuras.com.br\/blog\/loja\/bones-varios-modelos-r3000\/#primaryimage"},"thumbnailUrl":"https:\/\/muraldeaventuras.com.br\/blog\/wp-content\/uploads\/2020\/06\/WhatsApp-Image-2022-10-21-at-10.32.25.jpeg","datePublished":"2020-06-08T23:11:36+00:00","dateModified":"2022-10-21T13:38:18+00:00","breadcrumb":{"@id":"https:\/\/muraldeaventuras.com.br\/blog\/loja\/bones-varios-modelos-r3000\/#breadcrumb"},"inLanguage":"pt-BR","potentialAction":[{"@type":"ReadAction","target":["https:\/\/muraldeaventuras.com.br\/blog\/loja\/bones-varios-modelos-r3000\/"]}]},{"@type":"ImageObject","inLanguage":"pt-BR","@id":"https:\/\/muraldeaventuras.com.br\/blog\/loja\/bones-varios-modelos-r3000\/#primaryimage","url":"https:\/\/muraldeaventuras.com.br\/blog\/wp-content\/uploads\/2020\/06\/WhatsApp-Image-2022-10-21-at-10.32.25.jpeg","contentUrl":"https:\/\/muraldeaventuras.com.br\/blog\/wp-content\/uploads\/2020\/06\/WhatsApp-Image-2022-10-21-at-10.32.25.jpeg","width":1597,"height":1600},{"@type":"BreadcrumbList","@id":"https:\/\/muraldeaventuras.com.br\/blog\/loja\/bones-varios-modelos-r3000\/#breadcrumb","itemListElement":[{"@type":"ListItem","position":1,"name":"In\u00edcio","item":"https:\/\/muraldeaventuras.com.br\/blog\/"},{"@type":"ListItem","position":2,"name":"Bon\u00e9s &#8211; V\u00e1rios Modelos (R$40,00)"}]},{"@type":"WebSite","@id":"https:\/\/muraldeaventuras.com.br\/blog\/#website","url":"https:\/\/muraldeaventuras.com.br\/blog\/","name":"Mural de Aventuras","description":"","potentialAction":[{"@type":"SearchAction","target":{"@type":"EntryPoint","urlTemplate":"https:\/\/muraldeaventuras.com.br\/blog\/?s={search_term_string}"},"query-input":{"@type":"PropertyValueSpecification","valueRequired":true,"valueName":"search_term_string"}}],"inLanguage":"pt-BR"}]}},"jetpack_sharing_enabled":true,"_links":{"self":[{"href":"https:\/\/muraldeaventuras.com.br\/blog\/wp-json\/wp\/v2\/product\/51831","targetHints":{"allow":["GET"]}}],"collection":[{"href":"https:\/\/muraldeaventuras.com.br\/blog\/wp-json\/wp\/v2\/product"}],"about":[{"href":"https:\/\/muraldeaventuras.com.br\/blog\/wp-json\/wp\/v2\/types\/product"}],"replies":[{"embeddable":true,"href":"https:\/\/muraldeaventuras.com.br\/blog\/wp-json\/wp\/v2\/comments?post=51831"}],"wp:featuredmedia":[{"embeddable":true,"href":"https:\/\/muraldeaventuras.com.br\/blog\/wp-json\/wp\/v2\/media\/52224"}],"wp:attachment":[{"href":"https:\/\/muraldeaventuras.com.br\/blog\/wp-json\/wp\/v2\/media?parent=51831"}],"wp:term":[{"taxonomy":"product_brand","embeddable":true,"href":"https:\/\/muraldeaventuras.com.br\/blog\/wp-json\/wp\/v2\/product_brand?post=51831"},{"taxonomy":"product_cat","embeddable":true,"href":"https:\/\/muraldeaventuras.com.br\/blog\/wp-json\/wp\/v2\/product_cat?post=51831"},{"taxonomy":"product_tag","embeddable":true,"href":"https:\/\/muraldeaventuras.com.br\/blog\/wp-json\/wp\/v2\/product_tag?post=51831"}],"curies":[{"name":"wp","href":"https:\/\/api.w.org\/{rel}","templated":true}]}}