{"id":51216,"date":"2018-05-24T10:46:46","date_gmt":"2018-05-24T13:46:46","guid":{"rendered":"https:\/\/muraldeaventuras.com.br\/blog\/?post_type=product&#038;p=51216"},"modified":"2022-04-22T11:57:43","modified_gmt":"2022-04-22T14:57:43","slug":"macaquinho-feminino","status":"publish","type":"product","link":"https:\/\/muraldeaventuras.com.br\/blog\/loja\/macaquinho-feminino\/","title":{"rendered":".Macaquinho Feminino Elite (R$390,00)"},"content":{"rendered":"<p>O\u00a0<strong>Macaquinho<\/strong>\u00a0do Mural de Aventuras foi desenvolvido por uma empresa especializada em vestu\u00e1rio esportivo, onde utilizam materiais de alta qualidade na confec\u00e7\u00e3o de seus produtos.\u00a0 Possuem caracter\u00edsticas e tecnologia de ponta, s\u00e3o elas:<\/p>\n<h3>TRUELIFEDRY:<\/h3>\n<p>Tecnologia que simula a transpira\u00e7\u00e3o, transportando todo o suor para as camadas mais externas do tecido.<\/p>\n<h3>BACTERICIDA SILVER:<\/h3>\n<p>Tecido com tratamento a base de prata que afasta as bact\u00e9rias e evita o mal\u00a0odor.<\/p>\n<h3>PROTE\u00c7\u00c3O UV +50:<\/h3>\n<p>Prote\u00e7\u00e3o contra raios ultravioleta. Equivalente a um filtro solar fator 50.<\/p>\n<h3>XTREME COOL:<\/h3>\n<p>O selo Xtreme Cool garante que o produto foi testado em diversas situa\u00e7\u00f5es e aprovado com rela\u00e7\u00e3o a conforto, durabilidade e pr\u00e1ticas sustent\u00e1veis de fabrica\u00e7\u00e3o.<\/p>\n<h3>MICROPOROS:<\/h3>\n<p>Permite a ventila\u00e7\u00e3o, fornecendo assim maior conforto t\u00e9rmico.<\/p>\n<p>Tamanhos: P, M, G e GG.<\/p>\n<p><span style=\"color: #008000;\"><strong>VALOR: R$ 390,00.<\/strong><\/span><\/p>\n<p><strong>ATEN\u00c7\u00c3O:<\/strong> Antes de fechar compra, verifique disponibilidade de tamanho atrav\u00e9s de nosso contato WHASTAPP: (71) 98871-6506 (<strong><a href=\"https:\/\/api.whatsapp.com\/send?phone=5571988716506\">WhatsApp CLIQUE AQUI<\/a>)<\/strong>.<\/p>\n<p class=\"ql-align-justify\"><strong>PAGUE NO PIX(CELULAR): 71988716506<\/strong><\/p>\n<p><strong>Obs.:<\/strong><\/p>\n<ul>\n<li>Verificar disponibilidade de estoque antes de comprar.<\/li>\n<li>Ap\u00f3s realizar o pagamento, enviar comprovante no contato abaixo.<\/li>\n<\/ul>\n<p><strong>CONTATO E INFORMA\u00c7\u00d5ES:<\/strong> (71) 98871-6506 (<a href=\"https:\/\/api.whatsapp.com\/send?phone=5571988716506\">WhatsApp CLIQUE AQUI<\/a>)<\/p>\n","protected":false},"excerpt":{"rendered":"<p>O\u00a0<strong>Macaquinho<\/strong>\u00a0do Mural de Aventuras foi desenvolvido por uma empresa especializada em vestu\u00e1rio esportivo, onde utilizam materiais de alta qualidade na confec\u00e7\u00e3o de seus produtos. Possuem caracter\u00edsticas e tecnologia de ponta, s\u00e3o elas: TRUELIFEDRY, BACTERICIDA SILVER, PROTE\u00c7\u00c3O UV +50, XTREME COOL e MICROPOROS.<\/p>\n","protected":false},"featured_media":52180,"comment_status":"open","ping_status":"closed","template":"","meta":{"_acf_changed":false},"product_brand":[],"product_cat":[15],"product_tag":[],"class_list":{"0":"post-51216","1":"product","2":"type-product","3":"status-publish","4":"has-post-thumbnail","6":"product_cat-roupas","8":"first","9":"instock","10":"shipping-taxable","11":"product-type-simple"},"better_featured_image":{"id":52180,"alt_text":"","caption":"","description":"","media_type":"image","media_details":{"width":1080,"height":1920,"file":"2021\/03\/7_20220422_002702_0003.png","sizes":{"medium":{"file":"7_20220422_002702_0003-169x300.png","width":169,"height":300,"mime-type":"image\/png","source_url":"https:\/\/muraldeaventuras.com.br\/blog\/wp-content\/uploads\/2021\/03\/7_20220422_002702_0003-169x300.png"},"large":{"file":"7_20220422_002702_0003-576x1024.png","width":576,"height":1024,"mime-type":"image\/png","source_url":"https:\/\/muraldeaventuras.com.br\/blog\/wp-content\/uploads\/2021\/03\/7_20220422_002702_0003-576x1024.png"},"thumbnail":{"file":"7_20220422_002702_0003-150x150.png","width":150,"height":150,"mime-type":"image\/png","source_url":"https:\/\/muraldeaventuras.com.br\/blog\/wp-content\/uploads\/2021\/03\/7_20220422_002702_0003-150x150.png"},"medium_large":{"file":"7_20220422_002702_0003-768x1365.png","width":768,"height":1365,"mime-type":"image\/png","source_url":"https:\/\/muraldeaventuras.com.br\/blog\/wp-content\/uploads\/2021\/03\/7_20220422_002702_0003-768x1365.png"},"1536x1536":{"file":"7_20220422_002702_0003-864x1536.png","width":864,"height":1536,"mime-type":"image\/png","source_url":"https:\/\/muraldeaventuras.com.br\/blog\/wp-content\/uploads\/2021\/03\/7_20220422_002702_0003-864x1536.png"},"big-news":{"file":"7_20220422_002702_0003-752x442.png","width":752,"height":442,"mime-type":"image\/png","source_url":"https:\/\/muraldeaventuras.com.br\/blog\/wp-content\/uploads\/2021\/03\/7_20220422_002702_0003-752x442.png"},"medium-news":{"file":"7_20220422_002702_0003-346x206.png","width":346,"height":206,"mime-type":"image\/png","source_url":"https:\/\/muraldeaventuras.com.br\/blog\/wp-content\/uploads\/2021\/03\/7_20220422_002702_0003-346x206.png"},"thumb-news":{"file":"7_20220422_002702_0003-345x250.png","width":345,"height":250,"mime-type":"image\/png","source_url":"https:\/\/muraldeaventuras.com.br\/blog\/wp-content\/uploads\/2021\/03\/7_20220422_002702_0003-345x250.png"},"thumb-news-sidebar":{"file":"7_20220422_002702_0003-345x200.png","width":345,"height":200,"mime-type":"image\/png","source_url":"https:\/\/muraldeaventuras.com.br\/blog\/wp-content\/uploads\/2021\/03\/7_20220422_002702_0003-345x200.png"},"thumb-news-small":{"file":"7_20220422_002702_0003-128x80.png","width":128,"height":80,"mime-type":"image\/png","source_url":"https:\/\/muraldeaventuras.com.br\/blog\/wp-content\/uploads\/2021\/03\/7_20220422_002702_0003-128x80.png"},"medium-loja":{"file":"7_20220422_002702_0003-270x270.png","width":270,"height":270,"mime-type":"image\/png","source_url":"https:\/\/muraldeaventuras.com.br\/blog\/wp-content\/uploads\/2021\/03\/7_20220422_002702_0003-270x270.png"},"thumb-small":{"file":"7_20220422_002702_0003-270x270.png","width":270,"height":270,"mime-type":"image\/png","source_url":"https:\/\/muraldeaventuras.com.br\/blog\/wp-content\/uploads\/2021\/03\/7_20220422_002702_0003-270x270.png"},"woocommerce_thumbnail":{"file":"7_20220422_002702_0003-300x300.png","width":300,"height":300,"mime-type":"image\/png","uncropped":false,"source_url":"https:\/\/muraldeaventuras.com.br\/blog\/wp-content\/uploads\/2021\/03\/7_20220422_002702_0003-300x300.png"},"woocommerce_single":{"file":"7_20220422_002702_0003-600x1067.png","width":600,"height":1067,"mime-type":"image\/png","source_url":"https:\/\/muraldeaventuras.com.br\/blog\/wp-content\/uploads\/2021\/03\/7_20220422_002702_0003-600x1067.png"},"woocommerce_gallery_thumbnail":{"file":"7_20220422_002702_0003-100x100.png","width":100,"height":100,"mime-type":"image\/png","source_url":"https:\/\/muraldeaventuras.com.br\/blog\/wp-content\/uploads\/2021\/03\/7_20220422_002702_0003-100x100.png"},"shop_catalog":{"file":"7_20220422_002702_0003-300x300.png","width":300,"height":300,"mime-type":"image\/png","source_url":"https:\/\/muraldeaventuras.com.br\/blog\/wp-content\/uploads\/2021\/03\/7_20220422_002702_0003-300x300.png"},"shop_single":{"file":"7_20220422_002702_0003-600x1067.png","width":600,"height":1067,"mime-type":"image\/png","source_url":"https:\/\/muraldeaventuras.com.br\/blog\/wp-content\/uploads\/2021\/03\/7_20220422_002702_0003-600x1067.png"},"shop_thumbnail":{"file":"7_20220422_002702_0003-100x100.png","width":100,"height":100,"mime-type":"image\/png","source_url":"https:\/\/muraldeaventuras.com.br\/blog\/wp-content\/uploads\/2021\/03\/7_20220422_002702_0003-100x100.png"}},"image_meta":{"aperture":"0","credit":"","camera":"","caption":"","created_timestamp":"0","copyright":"","focal_length":"0","iso":"0","shutter_speed":"0","title":"","orientation":"0","keywords":[]}},"post":52057,"source_url":"https:\/\/muraldeaventuras.com.br\/blog\/wp-content\/uploads\/2021\/03\/7_20220422_002702_0003.png"},"acf":[],"yoast_head":"<!-- This site is optimized with the Yoast SEO plugin v27.2 - https:\/\/yoast.com\/product\/yoast-seo-wordpress\/ -->\n<title>.Macaquinho Feminino Elite (R$390,00) - Mural de Aventuras<\/title>\n<meta name=\"robots\" content=\"index, follow, max-snippet:-1, max-image-preview:large, max-video-preview:-1\" \/>\n<link rel=\"canonical\" href=\"https:\/\/muraldeaventuras.com.br\/blog\/loja\/macaquinho-feminino\/\" \/>\n<meta property=\"og:locale\" content=\"pt_BR\" \/>\n<meta property=\"og:type\" content=\"article\" \/>\n<meta property=\"og:title\" content=\".Macaquinho Feminino Elite (R$390,00) - Mural de Aventuras\" \/>\n<meta property=\"og:description\" content=\"O\u00a0Macaquinho\u00a0do Mural de Aventuras foi desenvolvido por uma empresa especializada em vestu\u00e1rio esportivo, onde utilizam materiais de alta qualidade na confec\u00e7\u00e3o de seus produtos. Possuem caracter\u00edsticas e tecnologia de ponta, s\u00e3o elas: TRUELIFEDRY, BACTERICIDA SILVER, PROTE\u00c7\u00c3O UV +50, XTREME COOL e MICROPOROS.\" \/>\n<meta property=\"og:url\" content=\"https:\/\/muraldeaventuras.com.br\/blog\/loja\/macaquinho-feminino\/\" \/>\n<meta property=\"og:site_name\" content=\"Mural de Aventuras\" \/>\n<meta property=\"article:modified_time\" content=\"2022-04-22T14:57:43+00:00\" \/>\n<meta property=\"og:image\" content=\"https:\/\/muraldeaventuras.com.br\/blog\/wp-content\/uploads\/2021\/03\/7_20220422_002702_0003.png\" \/>\n\t<meta property=\"og:image:width\" content=\"1080\" \/>\n\t<meta property=\"og:image:height\" content=\"1920\" \/>\n\t<meta property=\"og:image:type\" content=\"image\/png\" \/>\n<meta name=\"twitter:card\" content=\"summary_large_image\" \/>\n<meta name=\"twitter:label1\" content=\"Est. tempo de leitura\" \/>\n\t<meta name=\"twitter:data1\" content=\"1 minuto\" \/>\n<script type=\"application\/ld+json\" class=\"yoast-schema-graph\">{\"@context\":\"https:\/\/schema.org\",\"@graph\":[{\"@type\":\"WebPage\",\"@id\":\"https:\/\/muraldeaventuras.com.br\/blog\/loja\/macaquinho-feminino\/\",\"url\":\"https:\/\/muraldeaventuras.com.br\/blog\/loja\/macaquinho-feminino\/\",\"name\":\".Macaquinho Feminino Elite (R$390,00) - Mural de Aventuras\",\"isPartOf\":{\"@id\":\"https:\/\/muraldeaventuras.com.br\/blog\/#website\"},\"primaryImageOfPage\":{\"@id\":\"https:\/\/muraldeaventuras.com.br\/blog\/loja\/macaquinho-feminino\/#primaryimage\"},\"image\":{\"@id\":\"https:\/\/muraldeaventuras.com.br\/blog\/loja\/macaquinho-feminino\/#primaryimage\"},\"thumbnailUrl\":\"https:\/\/muraldeaventuras.com.br\/blog\/wp-content\/uploads\/2021\/03\/7_20220422_002702_0003.png\",\"datePublished\":\"2018-05-24T13:46:46+00:00\",\"dateModified\":\"2022-04-22T14:57:43+00:00\",\"breadcrumb\":{\"@id\":\"https:\/\/muraldeaventuras.com.br\/blog\/loja\/macaquinho-feminino\/#breadcrumb\"},\"inLanguage\":\"pt-BR\",\"potentialAction\":[{\"@type\":\"ReadAction\",\"target\":[\"https:\/\/muraldeaventuras.com.br\/blog\/loja\/macaquinho-feminino\/\"]}]},{\"@type\":\"ImageObject\",\"inLanguage\":\"pt-BR\",\"@id\":\"https:\/\/muraldeaventuras.com.br\/blog\/loja\/macaquinho-feminino\/#primaryimage\",\"url\":\"https:\/\/muraldeaventuras.com.br\/blog\/wp-content\/uploads\/2021\/03\/7_20220422_002702_0003.png\",\"contentUrl\":\"https:\/\/muraldeaventuras.com.br\/blog\/wp-content\/uploads\/2021\/03\/7_20220422_002702_0003.png\",\"width\":1080,\"height\":1920},{\"@type\":\"BreadcrumbList\",\"@id\":\"https:\/\/muraldeaventuras.com.br\/blog\/loja\/macaquinho-feminino\/#breadcrumb\",\"itemListElement\":[{\"@type\":\"ListItem\",\"position\":1,\"name\":\"In\u00edcio\",\"item\":\"https:\/\/muraldeaventuras.com.br\/blog\/\"},{\"@type\":\"ListItem\",\"position\":2,\"name\":\".Macaquinho Feminino Elite (R$390,00)\"}]},{\"@type\":\"WebSite\",\"@id\":\"https:\/\/muraldeaventuras.com.br\/blog\/#website\",\"url\":\"https:\/\/muraldeaventuras.com.br\/blog\/\",\"name\":\"Mural de Aventuras\",\"description\":\"\",\"potentialAction\":[{\"@type\":\"SearchAction\",\"target\":{\"@type\":\"EntryPoint\",\"urlTemplate\":\"https:\/\/muraldeaventuras.com.br\/blog\/?s={search_term_string}\"},\"query-input\":{\"@type\":\"PropertyValueSpecification\",\"valueRequired\":true,\"valueName\":\"search_term_string\"}}],\"inLanguage\":\"pt-BR\"}]}<\/script>\n<!-- \/ Yoast SEO plugin. -->","yoast_head_json":{"title":".Macaquinho Feminino Elite (R$390,00) - Mural de Aventuras","robots":{"index":"index","follow":"follow","max-snippet":"max-snippet:-1","max-image-preview":"max-image-preview:large","max-video-preview":"max-video-preview:-1"},"canonical":"https:\/\/muraldeaventuras.com.br\/blog\/loja\/macaquinho-feminino\/","og_locale":"pt_BR","og_type":"article","og_title":".Macaquinho Feminino Elite (R$390,00) - Mural de Aventuras","og_description":"O\u00a0Macaquinho\u00a0do Mural de Aventuras foi desenvolvido por uma empresa especializada em vestu\u00e1rio esportivo, onde utilizam materiais de alta qualidade na confec\u00e7\u00e3o de seus produtos. Possuem caracter\u00edsticas e tecnologia de ponta, s\u00e3o elas: TRUELIFEDRY, BACTERICIDA SILVER, PROTE\u00c7\u00c3O UV +50, XTREME COOL e MICROPOROS.","og_url":"https:\/\/muraldeaventuras.com.br\/blog\/loja\/macaquinho-feminino\/","og_site_name":"Mural de Aventuras","article_modified_time":"2022-04-22T14:57:43+00:00","og_image":[{"width":1080,"height":1920,"url":"https:\/\/muraldeaventuras.com.br\/blog\/wp-content\/uploads\/2021\/03\/7_20220422_002702_0003.png","type":"image\/png"}],"twitter_card":"summary_large_image","twitter_misc":{"Est. tempo de leitura":"1 minuto"},"schema":{"@context":"https:\/\/schema.org","@graph":[{"@type":"WebPage","@id":"https:\/\/muraldeaventuras.com.br\/blog\/loja\/macaquinho-feminino\/","url":"https:\/\/muraldeaventuras.com.br\/blog\/loja\/macaquinho-feminino\/","name":".Macaquinho Feminino Elite (R$390,00) - Mural de Aventuras","isPartOf":{"@id":"https:\/\/muraldeaventuras.com.br\/blog\/#website"},"primaryImageOfPage":{"@id":"https:\/\/muraldeaventuras.com.br\/blog\/loja\/macaquinho-feminino\/#primaryimage"},"image":{"@id":"https:\/\/muraldeaventuras.com.br\/blog\/loja\/macaquinho-feminino\/#primaryimage"},"thumbnailUrl":"https:\/\/muraldeaventuras.com.br\/blog\/wp-content\/uploads\/2021\/03\/7_20220422_002702_0003.png","datePublished":"2018-05-24T13:46:46+00:00","dateModified":"2022-04-22T14:57:43+00:00","breadcrumb":{"@id":"https:\/\/muraldeaventuras.com.br\/blog\/loja\/macaquinho-feminino\/#breadcrumb"},"inLanguage":"pt-BR","potentialAction":[{"@type":"ReadAction","target":["https:\/\/muraldeaventuras.com.br\/blog\/loja\/macaquinho-feminino\/"]}]},{"@type":"ImageObject","inLanguage":"pt-BR","@id":"https:\/\/muraldeaventuras.com.br\/blog\/loja\/macaquinho-feminino\/#primaryimage","url":"https:\/\/muraldeaventuras.com.br\/blog\/wp-content\/uploads\/2021\/03\/7_20220422_002702_0003.png","contentUrl":"https:\/\/muraldeaventuras.com.br\/blog\/wp-content\/uploads\/2021\/03\/7_20220422_002702_0003.png","width":1080,"height":1920},{"@type":"BreadcrumbList","@id":"https:\/\/muraldeaventuras.com.br\/blog\/loja\/macaquinho-feminino\/#breadcrumb","itemListElement":[{"@type":"ListItem","position":1,"name":"In\u00edcio","item":"https:\/\/muraldeaventuras.com.br\/blog\/"},{"@type":"ListItem","position":2,"name":".Macaquinho Feminino Elite (R$390,00)"}]},{"@type":"WebSite","@id":"https:\/\/muraldeaventuras.com.br\/blog\/#website","url":"https:\/\/muraldeaventuras.com.br\/blog\/","name":"Mural de Aventuras","description":"","potentialAction":[{"@type":"SearchAction","target":{"@type":"EntryPoint","urlTemplate":"https:\/\/muraldeaventuras.com.br\/blog\/?s={search_term_string}"},"query-input":{"@type":"PropertyValueSpecification","valueRequired":true,"valueName":"search_term_string"}}],"inLanguage":"pt-BR"}]}},"jetpack_sharing_enabled":true,"_links":{"self":[{"href":"https:\/\/muraldeaventuras.com.br\/blog\/wp-json\/wp\/v2\/product\/51216","targetHints":{"allow":["GET"]}}],"collection":[{"href":"https:\/\/muraldeaventuras.com.br\/blog\/wp-json\/wp\/v2\/product"}],"about":[{"href":"https:\/\/muraldeaventuras.com.br\/blog\/wp-json\/wp\/v2\/types\/product"}],"replies":[{"embeddable":true,"href":"https:\/\/muraldeaventuras.com.br\/blog\/wp-json\/wp\/v2\/comments?post=51216"}],"wp:featuredmedia":[{"embeddable":true,"href":"https:\/\/muraldeaventuras.com.br\/blog\/wp-json\/wp\/v2\/media\/52180"}],"wp:attachment":[{"href":"https:\/\/muraldeaventuras.com.br\/blog\/wp-json\/wp\/v2\/media?parent=51216"}],"wp:term":[{"taxonomy":"product_brand","embeddable":true,"href":"https:\/\/muraldeaventuras.com.br\/blog\/wp-json\/wp\/v2\/product_brand?post=51216"},{"taxonomy":"product_cat","embeddable":true,"href":"https:\/\/muraldeaventuras.com.br\/blog\/wp-json\/wp\/v2\/product_cat?post=51216"},{"taxonomy":"product_tag","embeddable":true,"href":"https:\/\/muraldeaventuras.com.br\/blog\/wp-json\/wp\/v2\/product_tag?post=51216"}],"curies":[{"name":"wp","href":"https:\/\/api.w.org\/{rel}","templated":true}]}}