{"id":50778,"date":"2017-11-28T09:20:57","date_gmt":"2017-11-28T11:20:57","guid":{"rendered":"https:\/\/muraldeaventuras.com.br\/?post_type=product&#038;p=50778"},"modified":"2022-04-22T11:58:55","modified_gmt":"2022-04-22T14:58:55","slug":"calca-bretelle","status":"publish","type":"product","link":"https:\/\/muraldeaventuras.com.br\/blog\/loja\/calca-bretelle\/","title":{"rendered":"Cal\u00e7a Bretelle Elite (R$320,00)"},"content":{"rendered":"<p>A <strong>Cal\u00e7a Bretelle Elite<\/strong>\u00a0do Mural de Aventuras foi desenvolvida por uma empresa especializada em vestu\u00e1rio esportivo, onde utilizam materiais de alta qualidade na confec\u00e7\u00e3o de seus produtos. As Cal\u00e7as possuem caracter\u00edsticas e tecnologia de ponta, s\u00e3o elas:<\/p>\n<h3>TRUELIFEDRY:<\/h3>\n<p>Tecnologia que simula a transpira\u00e7\u00e3o, transportando todo o suor para as camadas mais externas do tecido.<\/p>\n<h3>BACTERICIDA SILVER:<\/h3>\n<p>Tecido com tratamento a base de prata que afasta as bact\u00e9rias e evita o mal\u00a0odor.<\/p>\n<h3>PROTE\u00c7\u00c3O UV +50:<\/h3>\n<p>Prote\u00e7\u00e3o contra raios ultravioleta. Equivalente a um filtro solar fator 50.<\/p>\n<h3>XTREME COOL:<\/h3>\n<p>O selo Xtreme Cool garante que o produto foi testado em diversas situa\u00e7\u00f5es e aprovado com rela\u00e7\u00e3o a conforto, durabilidade e pr\u00e1ticas sustent\u00e1veis de fabrica\u00e7\u00e3o.<\/p>\n<h3>FORRO DUAL PRO<\/h3>\n<p>Forro com duas camadas de densidade 60|40 para proporcionar maior conforto por mais tempo.<\/p>\n<p>Tamanhos: P, M , G e GG.<\/p>\n<p><span style=\"color: #008000;\"><strong>VALOR: R$ 320,00.<\/strong><\/span><\/p>\n<p><strong>ATEN\u00c7\u00c3O:<\/strong> Antes de fechar compra, verifique disponibilidade de tamanho atrav\u00e9s de nosso contato WHASTAPP: (71) 98871-6506 (<strong><a href=\"https:\/\/api.whatsapp.com\/send?phone=5571988716506\">WhatsApp CLIQUE AQUI<\/a>)<\/strong>.<\/p>\n<p class=\"ql-align-justify\"><strong>PAGUE NO PIX(CELULAR): 71988716506<\/strong><\/p>\n<p><strong>Obs.:<\/strong><\/p>\n<ul>\n<li>Verificar disponibilidade de estoque antes de comprar.<\/li>\n<li>Ap\u00f3s realizar o pagamento, enviar comprovante no contato abaixo.<\/li>\n<\/ul>\n<p><strong>CONTATO E INFORMA\u00c7\u00d5ES:<\/strong> (71) 98871-6506 (<a href=\"https:\/\/api.whatsapp.com\/send?phone=5571988716506\">WhatsApp CLIQUE AQUI<\/a>)<\/p>\n","protected":false},"excerpt":{"rendered":"<p>A <strong>Cal\u00e7a Bretelle<\/strong>\u00a0do Mural de Aventuras foi desenvolvida por uma empresa especializada em vestu\u00e1rio esportivo, onde utilizam materiais de alta qualidade na confec\u00e7\u00e3o de seus produtos. As cal\u00e7as possuem caracter\u00edsticas e tecnologia de ponta, s\u00e3o elas: TRUELIFEDRY, BACTERICIDA SILVER, PROTE\u00c7\u00c3O UV +50, XTREME COOL e FORRO DUAL PRO.<\/p>\n","protected":false},"featured_media":51435,"comment_status":"open","ping_status":"closed","template":"","meta":{"_acf_changed":false},"product_brand":[],"product_cat":[15],"product_tag":[],"class_list":{"0":"post-50778","1":"product","2":"type-product","3":"status-publish","4":"has-post-thumbnail","6":"product_cat-roupas","8":"first","9":"instock","10":"shipping-taxable","11":"product-type-simple"},"better_featured_image":{"id":51435,"alt_text":"","caption":"","description":"","media_type":"image","media_details":{"width":458,"height":1035,"file":"2017\/11\/Cal\u00e7abretelle2.jpg","sizes":{"thumbnail":{"file":"Cal\u00e7abretelle2-150x150.jpg","width":150,"height":150,"mime-type":"image\/jpeg","source_url":"https:\/\/muraldeaventuras.com.br\/blog\/wp-content\/uploads\/2017\/11\/Cal\u00e7abretelle2-150x150.jpg"},"medium":{"file":"Cal\u00e7abretelle2-133x300.jpg","width":133,"height":300,"mime-type":"image\/jpeg","source_url":"https:\/\/muraldeaventuras.com.br\/blog\/wp-content\/uploads\/2017\/11\/Cal\u00e7abretelle2-133x300.jpg"},"large":{"file":"Cal\u00e7abretelle2-453x1024.jpg","width":453,"height":1024,"mime-type":"image\/jpeg","source_url":"https:\/\/muraldeaventuras.com.br\/blog\/wp-content\/uploads\/2017\/11\/Cal\u00e7abretelle2-453x1024.jpg"},"big-news":{"file":"Cal\u00e7abretelle2-458x442.jpg","width":458,"height":442,"mime-type":"image\/jpeg","source_url":"https:\/\/muraldeaventuras.com.br\/blog\/wp-content\/uploads\/2017\/11\/Cal\u00e7abretelle2-458x442.jpg"},"medium-news":{"file":"Cal\u00e7abretelle2-346x206.jpg","width":346,"height":206,"mime-type":"image\/jpeg","source_url":"https:\/\/muraldeaventuras.com.br\/blog\/wp-content\/uploads\/2017\/11\/Cal\u00e7abretelle2-346x206.jpg"},"thumb-news":{"file":"Cal\u00e7abretelle2-345x250.jpg","width":345,"height":250,"mime-type":"image\/jpeg","source_url":"https:\/\/muraldeaventuras.com.br\/blog\/wp-content\/uploads\/2017\/11\/Cal\u00e7abretelle2-345x250.jpg"},"thumb-news-sidebar":{"file":"Cal\u00e7abretelle2-345x200.jpg","width":345,"height":200,"mime-type":"image\/jpeg","source_url":"https:\/\/muraldeaventuras.com.br\/blog\/wp-content\/uploads\/2017\/11\/Cal\u00e7abretelle2-345x200.jpg"},"thumb-news-small":{"file":"Cal\u00e7abretelle2-128x80.jpg","width":128,"height":80,"mime-type":"image\/jpeg","source_url":"https:\/\/muraldeaventuras.com.br\/blog\/wp-content\/uploads\/2017\/11\/Cal\u00e7abretelle2-128x80.jpg"},"medium-loja":{"file":"Cal\u00e7abretelle2-270x270.jpg","width":270,"height":270,"mime-type":"image\/jpeg","source_url":"https:\/\/muraldeaventuras.com.br\/blog\/wp-content\/uploads\/2017\/11\/Cal\u00e7abretelle2-270x270.jpg"},"thumb-small":{"file":"Cal\u00e7abretelle2-270x270.jpg","width":270,"height":270,"mime-type":"image\/jpeg","source_url":"https:\/\/muraldeaventuras.com.br\/blog\/wp-content\/uploads\/2017\/11\/Cal\u00e7abretelle2-270x270.jpg"},"woocommerce_thumbnail":{"file":"Cal\u00e7abretelle2-300x300.jpg","width":300,"height":300,"mime-type":"image\/jpeg","uncropped":false,"source_url":"https:\/\/muraldeaventuras.com.br\/blog\/wp-content\/uploads\/2017\/11\/Cal\u00e7abretelle2-300x300.jpg"},"woocommerce_gallery_thumbnail":{"file":"Cal\u00e7abretelle2-100x100.jpg","width":100,"height":100,"mime-type":"image\/jpeg","source_url":"https:\/\/muraldeaventuras.com.br\/blog\/wp-content\/uploads\/2017\/11\/Cal\u00e7abretelle2-100x100.jpg"},"shop_catalog":{"file":"Cal\u00e7abretelle2-300x300.jpg","width":300,"height":300,"mime-type":"image\/jpeg","source_url":"https:\/\/muraldeaventuras.com.br\/blog\/wp-content\/uploads\/2017\/11\/Cal\u00e7abretelle2-300x300.jpg"},"shop_thumbnail":{"file":"Cal\u00e7abretelle2-100x100.jpg","width":100,"height":100,"mime-type":"image\/jpeg","source_url":"https:\/\/muraldeaventuras.com.br\/blog\/wp-content\/uploads\/2017\/11\/Cal\u00e7abretelle2-100x100.jpg"}},"image_meta":{"aperture":"0","credit":"","camera":"","caption":"","created_timestamp":"0","copyright":"","focal_length":"0","iso":"0","shutter_speed":"0","title":"","orientation":"1","keywords":[]}},"post":50778,"source_url":"https:\/\/muraldeaventuras.com.br\/blog\/wp-content\/uploads\/2017\/11\/Cal\u00e7abretelle2.jpg"},"acf":[],"yoast_head":"<!-- This site is optimized with the Yoast SEO plugin v27.2 - https:\/\/yoast.com\/product\/yoast-seo-wordpress\/ -->\n<title>Cal\u00e7a Bretelle Elite (R$320,00) - Mural de Aventuras<\/title>\n<meta name=\"robots\" content=\"index, follow, max-snippet:-1, max-image-preview:large, max-video-preview:-1\" \/>\n<link rel=\"canonical\" href=\"https:\/\/muraldeaventuras.com.br\/blog\/loja\/calca-bretelle\/\" \/>\n<meta property=\"og:locale\" content=\"pt_BR\" \/>\n<meta property=\"og:type\" content=\"article\" \/>\n<meta property=\"og:title\" content=\"Cal\u00e7a Bretelle Elite (R$320,00) - Mural de Aventuras\" \/>\n<meta property=\"og:description\" content=\"A Cal\u00e7a Bretelle\u00a0do Mural de Aventuras foi desenvolvida por uma empresa especializada em vestu\u00e1rio esportivo, onde utilizam materiais de alta qualidade na confec\u00e7\u00e3o de seus produtos. As cal\u00e7as possuem caracter\u00edsticas e tecnologia de ponta, s\u00e3o elas: TRUELIFEDRY, BACTERICIDA SILVER, PROTE\u00c7\u00c3O UV +50, XTREME COOL e FORRO DUAL PRO.\" \/>\n<meta property=\"og:url\" content=\"https:\/\/muraldeaventuras.com.br\/blog\/loja\/calca-bretelle\/\" \/>\n<meta property=\"og:site_name\" content=\"Mural de Aventuras\" \/>\n<meta property=\"article:modified_time\" content=\"2022-04-22T14:58:55+00:00\" \/>\n<meta property=\"og:image\" content=\"https:\/\/muraldeaventuras.com.br\/blog\/wp-content\/uploads\/2017\/11\/Cal\u00e7abretelle2.jpg\" \/>\n\t<meta property=\"og:image:width\" content=\"458\" \/>\n\t<meta property=\"og:image:height\" content=\"1035\" \/>\n\t<meta property=\"og:image:type\" content=\"image\/jpeg\" \/>\n<meta name=\"twitter:card\" content=\"summary_large_image\" \/>\n<meta name=\"twitter:label1\" content=\"Est. tempo de leitura\" \/>\n\t<meta name=\"twitter:data1\" content=\"1 minuto\" \/>\n<script type=\"application\/ld+json\" class=\"yoast-schema-graph\">{\"@context\":\"https:\/\/schema.org\",\"@graph\":[{\"@type\":\"WebPage\",\"@id\":\"https:\/\/muraldeaventuras.com.br\/blog\/loja\/calca-bretelle\/\",\"url\":\"https:\/\/muraldeaventuras.com.br\/blog\/loja\/calca-bretelle\/\",\"name\":\"Cal\u00e7a Bretelle Elite (R$320,00) - Mural de Aventuras\",\"isPartOf\":{\"@id\":\"https:\/\/muraldeaventuras.com.br\/blog\/#website\"},\"primaryImageOfPage\":{\"@id\":\"https:\/\/muraldeaventuras.com.br\/blog\/loja\/calca-bretelle\/#primaryimage\"},\"image\":{\"@id\":\"https:\/\/muraldeaventuras.com.br\/blog\/loja\/calca-bretelle\/#primaryimage\"},\"thumbnailUrl\":\"https:\/\/muraldeaventuras.com.br\/blog\/wp-content\/uploads\/2017\/11\/Cal\u00e7abretelle2.jpg\",\"datePublished\":\"2017-11-28T11:20:57+00:00\",\"dateModified\":\"2022-04-22T14:58:55+00:00\",\"breadcrumb\":{\"@id\":\"https:\/\/muraldeaventuras.com.br\/blog\/loja\/calca-bretelle\/#breadcrumb\"},\"inLanguage\":\"pt-BR\",\"potentialAction\":[{\"@type\":\"ReadAction\",\"target\":[\"https:\/\/muraldeaventuras.com.br\/blog\/loja\/calca-bretelle\/\"]}]},{\"@type\":\"ImageObject\",\"inLanguage\":\"pt-BR\",\"@id\":\"https:\/\/muraldeaventuras.com.br\/blog\/loja\/calca-bretelle\/#primaryimage\",\"url\":\"https:\/\/muraldeaventuras.com.br\/blog\/wp-content\/uploads\/2017\/11\/Cal\u00e7abretelle2.jpg\",\"contentUrl\":\"https:\/\/muraldeaventuras.com.br\/blog\/wp-content\/uploads\/2017\/11\/Cal\u00e7abretelle2.jpg\",\"width\":458,\"height\":1035},{\"@type\":\"BreadcrumbList\",\"@id\":\"https:\/\/muraldeaventuras.com.br\/blog\/loja\/calca-bretelle\/#breadcrumb\",\"itemListElement\":[{\"@type\":\"ListItem\",\"position\":1,\"name\":\"In\u00edcio\",\"item\":\"https:\/\/muraldeaventuras.com.br\/blog\/\"},{\"@type\":\"ListItem\",\"position\":2,\"name\":\"Cal\u00e7a Bretelle Elite (R$320,00)\"}]},{\"@type\":\"WebSite\",\"@id\":\"https:\/\/muraldeaventuras.com.br\/blog\/#website\",\"url\":\"https:\/\/muraldeaventuras.com.br\/blog\/\",\"name\":\"Mural de Aventuras\",\"description\":\"\",\"potentialAction\":[{\"@type\":\"SearchAction\",\"target\":{\"@type\":\"EntryPoint\",\"urlTemplate\":\"https:\/\/muraldeaventuras.com.br\/blog\/?s={search_term_string}\"},\"query-input\":{\"@type\":\"PropertyValueSpecification\",\"valueRequired\":true,\"valueName\":\"search_term_string\"}}],\"inLanguage\":\"pt-BR\"}]}<\/script>\n<!-- \/ Yoast SEO plugin. -->","yoast_head_json":{"title":"Cal\u00e7a Bretelle Elite (R$320,00) - Mural de Aventuras","robots":{"index":"index","follow":"follow","max-snippet":"max-snippet:-1","max-image-preview":"max-image-preview:large","max-video-preview":"max-video-preview:-1"},"canonical":"https:\/\/muraldeaventuras.com.br\/blog\/loja\/calca-bretelle\/","og_locale":"pt_BR","og_type":"article","og_title":"Cal\u00e7a Bretelle Elite (R$320,00) - Mural de Aventuras","og_description":"A Cal\u00e7a Bretelle\u00a0do Mural de Aventuras foi desenvolvida por uma empresa especializada em vestu\u00e1rio esportivo, onde utilizam materiais de alta qualidade na confec\u00e7\u00e3o de seus produtos. As cal\u00e7as possuem caracter\u00edsticas e tecnologia de ponta, s\u00e3o elas: TRUELIFEDRY, BACTERICIDA SILVER, PROTE\u00c7\u00c3O UV +50, XTREME COOL e FORRO DUAL PRO.","og_url":"https:\/\/muraldeaventuras.com.br\/blog\/loja\/calca-bretelle\/","og_site_name":"Mural de Aventuras","article_modified_time":"2022-04-22T14:58:55+00:00","og_image":[{"width":458,"height":1035,"url":"https:\/\/muraldeaventuras.com.br\/blog\/wp-content\/uploads\/2017\/11\/Cal\u00e7abretelle2.jpg","type":"image\/jpeg"}],"twitter_card":"summary_large_image","twitter_misc":{"Est. tempo de leitura":"1 minuto"},"schema":{"@context":"https:\/\/schema.org","@graph":[{"@type":"WebPage","@id":"https:\/\/muraldeaventuras.com.br\/blog\/loja\/calca-bretelle\/","url":"https:\/\/muraldeaventuras.com.br\/blog\/loja\/calca-bretelle\/","name":"Cal\u00e7a Bretelle Elite (R$320,00) - Mural de Aventuras","isPartOf":{"@id":"https:\/\/muraldeaventuras.com.br\/blog\/#website"},"primaryImageOfPage":{"@id":"https:\/\/muraldeaventuras.com.br\/blog\/loja\/calca-bretelle\/#primaryimage"},"image":{"@id":"https:\/\/muraldeaventuras.com.br\/blog\/loja\/calca-bretelle\/#primaryimage"},"thumbnailUrl":"https:\/\/muraldeaventuras.com.br\/blog\/wp-content\/uploads\/2017\/11\/Cal\u00e7abretelle2.jpg","datePublished":"2017-11-28T11:20:57+00:00","dateModified":"2022-04-22T14:58:55+00:00","breadcrumb":{"@id":"https:\/\/muraldeaventuras.com.br\/blog\/loja\/calca-bretelle\/#breadcrumb"},"inLanguage":"pt-BR","potentialAction":[{"@type":"ReadAction","target":["https:\/\/muraldeaventuras.com.br\/blog\/loja\/calca-bretelle\/"]}]},{"@type":"ImageObject","inLanguage":"pt-BR","@id":"https:\/\/muraldeaventuras.com.br\/blog\/loja\/calca-bretelle\/#primaryimage","url":"https:\/\/muraldeaventuras.com.br\/blog\/wp-content\/uploads\/2017\/11\/Cal\u00e7abretelle2.jpg","contentUrl":"https:\/\/muraldeaventuras.com.br\/blog\/wp-content\/uploads\/2017\/11\/Cal\u00e7abretelle2.jpg","width":458,"height":1035},{"@type":"BreadcrumbList","@id":"https:\/\/muraldeaventuras.com.br\/blog\/loja\/calca-bretelle\/#breadcrumb","itemListElement":[{"@type":"ListItem","position":1,"name":"In\u00edcio","item":"https:\/\/muraldeaventuras.com.br\/blog\/"},{"@type":"ListItem","position":2,"name":"Cal\u00e7a Bretelle Elite (R$320,00)"}]},{"@type":"WebSite","@id":"https:\/\/muraldeaventuras.com.br\/blog\/#website","url":"https:\/\/muraldeaventuras.com.br\/blog\/","name":"Mural de Aventuras","description":"","potentialAction":[{"@type":"SearchAction","target":{"@type":"EntryPoint","urlTemplate":"https:\/\/muraldeaventuras.com.br\/blog\/?s={search_term_string}"},"query-input":{"@type":"PropertyValueSpecification","valueRequired":true,"valueName":"search_term_string"}}],"inLanguage":"pt-BR"}]}},"jetpack_sharing_enabled":true,"_links":{"self":[{"href":"https:\/\/muraldeaventuras.com.br\/blog\/wp-json\/wp\/v2\/product\/50778","targetHints":{"allow":["GET"]}}],"collection":[{"href":"https:\/\/muraldeaventuras.com.br\/blog\/wp-json\/wp\/v2\/product"}],"about":[{"href":"https:\/\/muraldeaventuras.com.br\/blog\/wp-json\/wp\/v2\/types\/product"}],"replies":[{"embeddable":true,"href":"https:\/\/muraldeaventuras.com.br\/blog\/wp-json\/wp\/v2\/comments?post=50778"}],"wp:featuredmedia":[{"embeddable":true,"href":"https:\/\/muraldeaventuras.com.br\/blog\/wp-json\/wp\/v2\/media\/51435"}],"wp:attachment":[{"href":"https:\/\/muraldeaventuras.com.br\/blog\/wp-json\/wp\/v2\/media?parent=50778"}],"wp:term":[{"taxonomy":"product_brand","embeddable":true,"href":"https:\/\/muraldeaventuras.com.br\/blog\/wp-json\/wp\/v2\/product_brand?post=50778"},{"taxonomy":"product_cat","embeddable":true,"href":"https:\/\/muraldeaventuras.com.br\/blog\/wp-json\/wp\/v2\/product_cat?post=50778"},{"taxonomy":"product_tag","embeddable":true,"href":"https:\/\/muraldeaventuras.com.br\/blog\/wp-json\/wp\/v2\/product_tag?post=50778"}],"curies":[{"name":"wp","href":"https:\/\/api.w.org\/{rel}","templated":true}]}}