{"id":1529,"date":"2016-06-25T15:41:00","date_gmt":"2016-06-25T18:41:00","guid":{"rendered":"http:\/\/muraldeaventuras.com.br\/\/tipos-de-aventuras"},"modified":"2019-11-16T23:32:13","modified_gmt":"2019-11-17T02:32:13","slug":"tipos-de-aventuras-e-eventos","status":"publish","type":"page","link":"https:\/\/muraldeaventuras.com.br\/blog\/o-clube\/tipos-de-aventuras-e-eventos\/","title":{"rendered":"Tipos de Aventuras e Eventos"},"content":{"rendered":"<h3>CTM Alphaville<\/h3>\n<p style=\"text-align: justify;\">Encontro semanal e trilha noturna realizada no Centro de Treinamento do Mural (<a href=\"https:\/\/muraldeaventuras.com.br\/blog\/o-clube\/ctm-alphaville\/\">CTM Alphaville<\/a>) toda ter\u00e7a-feira com sa\u00edda \u00e0s 20h do Alphaville Paralela (pegar 1\u00aa entrada) na rua Pituba em frente ao club. O CTM Alphaville \u00e9 indicado somente para quem j\u00e1 est\u00e1 com uma base inicial em pedalar e controle m\u00ednimo da bicicleta, serve tamb\u00e9m como inicia\u00e7\u00e3o para pr\u00e1tica do Mountain Bike (trilhas). \u00c9 poss\u00edvel adquirir itens do uniforme (camisas, bermudas, cal\u00e7as, etc) do Mural de Aventuras no local. Participa\u00e7\u00e3o aberta.<\/p>\n<h3>Mural Family \/ Kids<\/h3>\n<p style=\"text-align: justify;\">Para quem quer passear e\/ou aprender a andar de bicicleta. As crian\u00e7as devem estar acompanhadas de um respons\u00e1vel. Pode ter trilha com baixo n\u00edvel de dificuldade. N\u00e3o h\u00e1 requisitos f\u00edsicos, basta vontade de andar de bicicleta e estar junto de outras pessoas do grupo.<\/p>\n<h3>Trilhas<\/h3>\n<p style=\"text-align: justify;\">S\u00e3o aventuras realizadas em apenas um dia, podendo ter n\u00edveis de dificuldade de 2 \u2013 Leve a 5 \u2013 Alto. <a href=\"https:\/\/muraldeaventuras.com.br\/blog\/o-clube\/niveis-de-dificuldade-das-aventuras\/\">Conhe\u00e7a os n\u00edveis de dificuldade<\/a>.<\/p>\n<h3>Ciclo Aventuras<\/h3>\n<p style=\"text-align: justify;\">S\u00e3o aventuras com 02 a 04 dias de dura\u00e7\u00e3o. Geralmente com n\u00edvel de dificuldade de 3 &#8211; M\u00e9dio ou 4 \u2013 M\u00e9dio Alto. Proporcionam um contato pr\u00f3ximo com a regi\u00e3o visitada, tendo em vista que os atrativos naturais, culturais e hist\u00f3ricos, sem esquecer a pr\u00e1tica do mountain bike e o esp\u00edrito de aventura, podendo ter pouco conforto nas hospedagens e condi\u00e7\u00f5es dif\u00edceis de alimenta\u00e7\u00e3o. Para a realiza\u00e7\u00e3o das Ciclo Aventuras, n\u00e3o utilizamos carro de apoio e em algumas situa\u00e7\u00f5es dormimos em barracas (acampamento).<\/p>\n<h3>Expedi\u00e7\u00f5es<\/h3>\n<p style=\"text-align: justify;\">S\u00e3o as aventuras com maior n\u00edvel de dificuldade do Mural de Aventuras, sempre n\u00edvel 5 \u2013 Alto, com no m\u00ednimo 5 dias de dura\u00e7\u00e3o (podendo ser bem mais). O objetivo \u00e9 pedalar v\u00e1rios dias, sem carro de apoio, levando tudo o que \u00e9 necess\u00e1rio na bike e enfrentando v\u00e1rios tipos de dificuldades, como o frio, chuva, altitude, peso das bagagens e outros desafios como a falta completa de um planejamento pr\u00e9vio quanto a hospedagens e paradas para alimenta\u00e7\u00e3o. Ou seja, \u00e9 pura aventura. Requer uma grande prepara\u00e7\u00e3o f\u00edsica, psicol\u00f3gica e log\u00edstica dos participantes. Normalmente s\u00e3o realizadas em lugares ermos do planeta como nas Chapadas, Alpes, Andes, ou Desertos, passando por caminhos que parte do ano podem ficar fechados pela chuva, neve ou frio. Nesses roteiros a hospedagem pode ser em acampamentos selvagens ou em camping quando \u00e9 poss\u00edvel. Veja algumas de nossas expedi\u00e7\u00f5es j\u00e1 realizadas.<\/p>\n<h3>Trof\u00e9u Roda Presa<\/h3>\n<p style=\"text-align: justify;\">\u00c9 uma disputa que prevalece a descontra\u00e7\u00e3o e a amizade entre todos os participantes. Quem ganha \u00e9 aquele que chega na \u00faltima coloca\u00e7\u00e3o e tem a honra de gravar seu nome no trof\u00e9u. Quase sempre o Trof\u00e9u Roda Presa segue as seguintes orienta\u00e7\u00f5es: &#8211; O circuito \u00e9 marcado com setas que apontam a dire\u00e7\u00e3o a ser tomada; \u00c9 definido um roteiro ou circuito e as quantidades de voltas; &#8211; As duplas s\u00e3o formadas momentos antes da largada na forma de sorteio; &#8211; Desist\u00eancias, erros no trajeto e quebras\/problemas de qualquer natureza n\u00e3o ser\u00e3o aceitos para efeito do resultado; &#8211; Os integrantes das duplas devem permanecer juntos com no m\u00e1ximo 30 metros de dist\u00e2ncia; &#8211; A dupla ganhadora grava para a eternidade seus nomes no trof\u00e9u. J\u00e1 foram realizadas mais de 5 edi\u00e7\u00f5es do Roda Presa.<\/p>\n<h3>Volta dos Tr\u00eas Far\u00f3is<\/h3>\n<p style=\"text-align: justify;\">Desafio e pedal urbano realizado desde 2011, sempre no primeiro domingo de dezembro, com n\u00edvel de dificuldade variado, que se tornou tradi\u00e7\u00e3o no final dos anos. \u00c9 um grande encontro de bikers de nossa cidade, com passagem pelos pontos mais bonitos de Salvador. A sa\u00edda \u00e9 da Pra\u00e7a das Gordinhas em Ondina, com dire\u00e7\u00e3o ao Farol de Humait\u00e1, em seguida passagem no Imbu\u00ed em dire\u00e7\u00e3o ao Farol de Itapu\u00e3 e no final, retorno at\u00e9 o Farol da Barra. Na chegada em cada farol s\u00e3o feitas fotos para registrar a conclus\u00e3o do desafio pelos participantes presentes. O percurso total possui 70 km o que representa um desafio para os participantes e uma emo\u00e7\u00e3o maior no retorno ao Farol da Barra.<\/p>\n<h3>Desafios<\/h3>\n<p style=\"text-align: justify;\">Essa defini\u00e7\u00e3o \u00e9 usada para qualquer uma das aventuras definidas acima que forem classificadas com n\u00edvel de dificuldade 5 \u2013 Alto. <a href=\"https:\/\/muraldeaventuras.com.br\/blog\/o-clube\/niveis-de-dificuldade-das-aventuras\/\">Conhe\u00e7a os n\u00edveis de dificuldade<\/a>.<\/p>\n","protected":false},"excerpt":{"rendered":"<p>CTM Alphaville Encontro semanal e trilha noturna realizada no Centro de Treinamento do Mural (CTM Alphaville) toda ter\u00e7a-feira com sa\u00edda \u00e0s 20h do Alphaville Paralela (pegar 1\u00aa entrada) na rua Pituba em frente ao club. O CTM Alphaville \u00e9 indicado somente para quem j\u00e1 est\u00e1 com uma base inicial em pedalar e controle m\u00ednimo da [&hellip;]<\/p>\n","protected":false},"author":3,"featured_media":0,"parent":14,"menu_order":0,"comment_status":"closed","ping_status":"closed","template":"","meta":{"_acf_changed":false,"footnotes":""},"class_list":["post-1529","page","type-page","status-publish","hentry"],"better_featured_image":null,"acf":[],"yoast_head":"<!-- This site is optimized with the Yoast SEO plugin v27.2 - https:\/\/yoast.com\/product\/yoast-seo-wordpress\/ -->\n<title>Tipos de Aventuras e Eventos - Mural de Aventuras<\/title>\n<meta name=\"robots\" content=\"index, follow, max-snippet:-1, max-image-preview:large, max-video-preview:-1\" \/>\n<link rel=\"canonical\" href=\"https:\/\/muraldeaventuras.com.br\/blog\/o-clube\/tipos-de-aventuras-e-eventos\/\" \/>\n<meta property=\"og:locale\" content=\"pt_BR\" \/>\n<meta property=\"og:type\" content=\"article\" \/>\n<meta property=\"og:title\" content=\"Tipos de Aventuras e Eventos - Mural de Aventuras\" \/>\n<meta property=\"og:description\" content=\"CTM Alphaville Encontro semanal e trilha noturna realizada no Centro de Treinamento do Mural (CTM Alphaville) toda ter\u00e7a-feira com sa\u00edda \u00e0s 20h do Alphaville Paralela (pegar 1\u00aa entrada) na rua Pituba em frente ao club. O CTM Alphaville \u00e9 indicado somente para quem j\u00e1 est\u00e1 com uma base inicial em pedalar e controle m\u00ednimo da [&hellip;]\" \/>\n<meta property=\"og:url\" content=\"https:\/\/muraldeaventuras.com.br\/blog\/o-clube\/tipos-de-aventuras-e-eventos\/\" \/>\n<meta property=\"og:site_name\" content=\"Mural de Aventuras\" \/>\n<meta property=\"article:modified_time\" content=\"2019-11-17T02:32:13+00:00\" \/>\n<meta name=\"twitter:card\" content=\"summary_large_image\" \/>\n<meta name=\"twitter:label1\" content=\"Est. tempo de leitura\" \/>\n\t<meta name=\"twitter:data1\" content=\"4 minutos\" \/>\n<script type=\"application\/ld+json\" class=\"yoast-schema-graph\">{\"@context\":\"https:\/\/schema.org\",\"@graph\":[{\"@type\":\"WebPage\",\"@id\":\"https:\/\/muraldeaventuras.com.br\/blog\/o-clube\/tipos-de-aventuras-e-eventos\/\",\"url\":\"https:\/\/muraldeaventuras.com.br\/blog\/o-clube\/tipos-de-aventuras-e-eventos\/\",\"name\":\"Tipos de Aventuras e Eventos - Mural de Aventuras\",\"isPartOf\":{\"@id\":\"https:\/\/muraldeaventuras.com.br\/blog\/#website\"},\"datePublished\":\"2016-06-25T18:41:00+00:00\",\"dateModified\":\"2019-11-17T02:32:13+00:00\",\"breadcrumb\":{\"@id\":\"https:\/\/muraldeaventuras.com.br\/blog\/o-clube\/tipos-de-aventuras-e-eventos\/#breadcrumb\"},\"inLanguage\":\"pt-BR\",\"potentialAction\":[{\"@type\":\"ReadAction\",\"target\":[\"https:\/\/muraldeaventuras.com.br\/blog\/o-clube\/tipos-de-aventuras-e-eventos\/\"]}]},{\"@type\":\"BreadcrumbList\",\"@id\":\"https:\/\/muraldeaventuras.com.br\/blog\/o-clube\/tipos-de-aventuras-e-eventos\/#breadcrumb\",\"itemListElement\":[{\"@type\":\"ListItem\",\"position\":1,\"name\":\"In\u00edcio\",\"item\":\"https:\/\/muraldeaventuras.com.br\/blog\/\"},{\"@type\":\"ListItem\",\"position\":2,\"name\":\"O Mural\",\"item\":\"https:\/\/muraldeaventuras.com.br\/blog\/o-clube\/\"},{\"@type\":\"ListItem\",\"position\":3,\"name\":\"Tipos de Aventuras e Eventos\"}]},{\"@type\":\"WebSite\",\"@id\":\"https:\/\/muraldeaventuras.com.br\/blog\/#website\",\"url\":\"https:\/\/muraldeaventuras.com.br\/blog\/\",\"name\":\"Mural de Aventuras\",\"description\":\"\",\"potentialAction\":[{\"@type\":\"SearchAction\",\"target\":{\"@type\":\"EntryPoint\",\"urlTemplate\":\"https:\/\/muraldeaventuras.com.br\/blog\/?s={search_term_string}\"},\"query-input\":{\"@type\":\"PropertyValueSpecification\",\"valueRequired\":true,\"valueName\":\"search_term_string\"}}],\"inLanguage\":\"pt-BR\"}]}<\/script>\n<!-- \/ Yoast SEO plugin. -->","yoast_head_json":{"title":"Tipos de Aventuras e Eventos - Mural de Aventuras","robots":{"index":"index","follow":"follow","max-snippet":"max-snippet:-1","max-image-preview":"max-image-preview:large","max-video-preview":"max-video-preview:-1"},"canonical":"https:\/\/muraldeaventuras.com.br\/blog\/o-clube\/tipos-de-aventuras-e-eventos\/","og_locale":"pt_BR","og_type":"article","og_title":"Tipos de Aventuras e Eventos - Mural de Aventuras","og_description":"CTM Alphaville Encontro semanal e trilha noturna realizada no Centro de Treinamento do Mural (CTM Alphaville) toda ter\u00e7a-feira com sa\u00edda \u00e0s 20h do Alphaville Paralela (pegar 1\u00aa entrada) na rua Pituba em frente ao club. O CTM Alphaville \u00e9 indicado somente para quem j\u00e1 est\u00e1 com uma base inicial em pedalar e controle m\u00ednimo da [&hellip;]","og_url":"https:\/\/muraldeaventuras.com.br\/blog\/o-clube\/tipos-de-aventuras-e-eventos\/","og_site_name":"Mural de Aventuras","article_modified_time":"2019-11-17T02:32:13+00:00","twitter_card":"summary_large_image","twitter_misc":{"Est. tempo de leitura":"4 minutos"},"schema":{"@context":"https:\/\/schema.org","@graph":[{"@type":"WebPage","@id":"https:\/\/muraldeaventuras.com.br\/blog\/o-clube\/tipos-de-aventuras-e-eventos\/","url":"https:\/\/muraldeaventuras.com.br\/blog\/o-clube\/tipos-de-aventuras-e-eventos\/","name":"Tipos de Aventuras e Eventos - Mural de Aventuras","isPartOf":{"@id":"https:\/\/muraldeaventuras.com.br\/blog\/#website"},"datePublished":"2016-06-25T18:41:00+00:00","dateModified":"2019-11-17T02:32:13+00:00","breadcrumb":{"@id":"https:\/\/muraldeaventuras.com.br\/blog\/o-clube\/tipos-de-aventuras-e-eventos\/#breadcrumb"},"inLanguage":"pt-BR","potentialAction":[{"@type":"ReadAction","target":["https:\/\/muraldeaventuras.com.br\/blog\/o-clube\/tipos-de-aventuras-e-eventos\/"]}]},{"@type":"BreadcrumbList","@id":"https:\/\/muraldeaventuras.com.br\/blog\/o-clube\/tipos-de-aventuras-e-eventos\/#breadcrumb","itemListElement":[{"@type":"ListItem","position":1,"name":"In\u00edcio","item":"https:\/\/muraldeaventuras.com.br\/blog\/"},{"@type":"ListItem","position":2,"name":"O Mural","item":"https:\/\/muraldeaventuras.com.br\/blog\/o-clube\/"},{"@type":"ListItem","position":3,"name":"Tipos de Aventuras e Eventos"}]},{"@type":"WebSite","@id":"https:\/\/muraldeaventuras.com.br\/blog\/#website","url":"https:\/\/muraldeaventuras.com.br\/blog\/","name":"Mural de Aventuras","description":"","potentialAction":[{"@type":"SearchAction","target":{"@type":"EntryPoint","urlTemplate":"https:\/\/muraldeaventuras.com.br\/blog\/?s={search_term_string}"},"query-input":{"@type":"PropertyValueSpecification","valueRequired":true,"valueName":"search_term_string"}}],"inLanguage":"pt-BR"}]}},"jetpack_shortlink":"https:\/\/wp.me\/P9bzJR-oF","jetpack_sharing_enabled":true,"_links":{"self":[{"href":"https:\/\/muraldeaventuras.com.br\/blog\/wp-json\/wp\/v2\/pages\/1529","targetHints":{"allow":["GET"]}}],"collection":[{"href":"https:\/\/muraldeaventuras.com.br\/blog\/wp-json\/wp\/v2\/pages"}],"about":[{"href":"https:\/\/muraldeaventuras.com.br\/blog\/wp-json\/wp\/v2\/types\/page"}],"author":[{"embeddable":true,"href":"https:\/\/muraldeaventuras.com.br\/blog\/wp-json\/wp\/v2\/users\/3"}],"replies":[{"embeddable":true,"href":"https:\/\/muraldeaventuras.com.br\/blog\/wp-json\/wp\/v2\/comments?post=1529"}],"version-history":[{"count":8,"href":"https:\/\/muraldeaventuras.com.br\/blog\/wp-json\/wp\/v2\/pages\/1529\/revisions"}],"predecessor-version":[{"id":51482,"href":"https:\/\/muraldeaventuras.com.br\/blog\/wp-json\/wp\/v2\/pages\/1529\/revisions\/51482"}],"up":[{"embeddable":true,"href":"https:\/\/muraldeaventuras.com.br\/blog\/wp-json\/wp\/v2\/pages\/14"}],"wp:attachment":[{"href":"https:\/\/muraldeaventuras.com.br\/blog\/wp-json\/wp\/v2\/media?parent=1529"}],"curies":[{"name":"wp","href":"https:\/\/api.w.org\/{rel}","templated":true}]}}