{"id":1528,"date":"2016-06-25T15:43:00","date_gmt":"2016-06-25T18:43:00","guid":{"rendered":"http:\/\/muraldeaventuras.com.br\/\/niveis-de-dificuldade-das-aventuras"},"modified":"2020-08-28T17:12:55","modified_gmt":"2020-08-28T20:12:55","slug":"niveis-de-dificuldade-das-aventuras","status":"publish","type":"page","link":"https:\/\/muraldeaventuras.com.br\/blog\/o-clube\/niveis-de-dificuldade-das-aventuras\/","title":{"rendered":"N\u00edveis de Dificuldade das Aventuras"},"content":{"rendered":"\n<p class=\"has-text-align-justify\">N\u00e3o \u00e9 f\u00e1cil definir o <strong>n\u00edvel de dificuldade<\/strong> das aventuras que realizamos, para que isso seja poss\u00edvel \u00e9 necess\u00e1rio analisarmos diversos par\u00e2metros como: dist\u00e2ncia, velocidade m\u00e9dia, tipo e dificuldade t\u00e9cnica do terreno, clima e outros aspectos.&nbsp; Os n\u00edveis de dificuldade s\u00e3o classificados de 0 a 5.<\/p>\n\n\n\n<p class=\"has-text-align-justify\">O Mural busca sempre a melhor integra\u00e7\u00e3o e bem estar dos participantes, sendo assim, para facilitar o entendimento passou a classificar os eventos de forma mais detalhada conforme abaixo:<\/p>\n\n\n\n<h3 class=\"wp-block-heading\">N\u00edvel 0<\/h3>\n\n\n\n<p class=\"has-text-align-justify\">Mural Family Para quem quer passear e\/ou aprender a andar de bicicleta. As crian\u00e7as devem estar acompanhadas de um respons\u00e1vel. Passeio de at\u00e9 15km de dist\u00e2ncia, com velocidade m\u00e9dia de 6km\/h, percurso quase plano e\/ou com leves inclina\u00e7\u00f5es. Pode ter trilha com baixo n\u00edvel de dificuldade.<\/p>\n\n\n\n<p class=\"has-text-align-justify\"><strong>Requisitos f\u00edsicos:<\/strong>&nbsp;N\u00e3o h\u00e1. Basta vontade de andar de bicicleta e estar junto de outras pessoas do grupo.<\/p>\n\n\n\n<h3 class=\"wp-block-heading\">N\u00edvel 1 &#8211; Iniciante<\/h3>\n\n\n\n<p class=\"has-text-align-justify\">Trilhas de aproximadamente 15km de dist\u00e2ncia, com velocidade m\u00e9dia de 10km\/h, terreno menos acidentado com poucas e pequenas ladeiras.  Geralmente come\u00e7ou a pedalar a aproximadamente 1 m\u00eas em asfalto. <\/p>\n\n\n\n<p class=\"has-text-align-justify\"><strong>Requisitos f\u00edsicos: <\/strong>Necess\u00e1rio saber andar de bicicleta. Exemplo desse n\u00edvel \u00e9 dar uma volta no parque ou passear na orla.<\/p>\n\n\n\n<h3 class=\"wp-block-heading\">N\u00edvel 2 &#8211; Leve<\/h3>\n\n\n\n<p class=\"has-text-align-justify\">Trilhas ou pedal de aproximadamente 25km de dist\u00e2ncia, velocidade m\u00e9dia de 15km\/h,\u00a0 podendo ter terreno acidentado e com algumas ladeiras. Indicado para quem j\u00e1 pedala bem em asfalto, n\u00e3o \u00e9 sedent\u00e1rio, sabe trocar marcha da bike, mas \u00e9 iniciante em trilha.<\/p>\n\n\n\n<p class=\"has-text-align-justify\"><strong>Requisitos f\u00edsicos:<\/strong> Ser praticante de algum esporte ou academia regularmente a pelo menos 2 meses. Exemplo desse n\u00edvel \u00e9 o CTM Alphaville Leve (quinta-feira).<\/p>\n\n\n\n<h3 class=\"wp-block-heading\">N\u00edvel 3 &#8211; M\u00e9dio<\/h3>\n\n\n\n<p class=\"has-text-align-justify\">Os par\u00e2metros de dificuldades podem se apresentar conjuntamente ou n\u00e3o, conforme abaixo:<\/p>\n\n\n\n<p class=\"has-text-align-justify\">Trilha e pedal geralmente entre 25 a 50Km de dist\u00e2ncia e\/ou, Velocidade m\u00e9dia aproximadamente de 15km\/h a 20km\/h e\/ou, Terreno acidentado, podendo ter areia, lama, pedras, etc e com ladeiras, sendo algumas mais longas e inclinadas. J\u00e1 faz trilha, pedala a no m\u00ednimo a 6 meses e tem boa resist\u00eancia f\u00edsica.<\/p>\n\n\n\n<p class=\"has-text-align-justify\"><strong>Requisitos f\u00edsicos:<\/strong> Ser praticante de Mountain Bike regularmente a pelo menos a 3 meses.<\/p>\n\n\n\n<h3 class=\"wp-block-heading\">N\u00edvel 4 &#8211; M\u00e9dio Alto<\/h3>\n\n\n\n<p class=\"has-text-align-justify\">S\u00e3o aventuras com um maior n\u00edvel de dificuldade em rela\u00e7\u00e3o \u00e0 condi\u00e7\u00e3o f\u00edsica e t\u00e9cnica de Mountain Bike. Os par\u00e2metros de dificuldades podem se apresentar conjuntamente ou n\u00e3o, conforme abaixo:<\/p>\n\n\n\n<p class=\"has-text-align-justify\">Trilha e pedal geralmente entre 50 a 70Km de dist\u00e2ncia e\/ou, Velocidade m\u00e9dia aproximadamente entre 17 a 25km\/h e\/ou, Terreno muito acidentado, com downhill\u2019s, areal, lama\u00e7al, pedras, etc e com muitas ladeiras, sendo algumas mais longas e inclinadas e\/ou, Com alguns momentos de necessidade de empurrar bike e\/ou, Condi\u00e7\u00f5es clim\u00e1ticas adversas (calor ou frio) e\/ou, Pouco ou nenhum ponto de apoio\/abastecimento. J\u00e1 tem experi\u00eancia em trilha, boa t\u00e9cnica, preparo f\u00edsico muito bom (mais de 5 horas de atividade).<\/p>\n\n\n\n<p class=\"has-text-align-justify\"><strong>Requisitos f\u00edsicos:<\/strong> Ser praticante de Mountain Bike regularmente a pelo menos a 6 meses e\/ou treino f\u00edsico de no m\u00ednimo de 3 vezes semanal de algum esporte ou academia.<\/p>\n\n\n\n<h3 class=\"wp-block-heading\">N\u00edvel 5 &#8211; Alto<\/h3>\n\n\n\n<p class=\"has-text-align-justify\">S\u00e3o aventuras com extrema dificuldade em rela\u00e7\u00e3o \u00e0 condi\u00e7\u00e3o f\u00edsica e t\u00e9cnica de Mountain Bike. Geralmente no Mural essas aventuras s\u00e3o chamadas de \u201cdesafios\u201d ou \u201cexpedi\u00e7\u00f5es\u201d. Os par\u00e2metros de dificuldades podem se apresentar conjuntamente ou n\u00e3o, conforme abaixo:<\/p>\n\n\n\n<p class=\"has-text-align-justify\">Trilha e pedal&nbsp; geralmente com mais de 50Km de dist\u00e2ncia e\/ou, Velocidade m\u00e9dia geralmente acima de 20km\/h e\/ou, Terreno muito acidentado, com muitas ladeiras longas e inclinadas. Grandes downhill\u2019s, areal, lama\u00e7al, pedras, etc e e\/ou, Com diversos momentos de necessidade de empurrar bike e\/ou, Condi\u00e7\u00f5es clim\u00e1ticas adversas (calor ou frio) e\/ou, Pouco ou nenhum ponto de apoio\/abastecimento. Alto n\u00edvel de resist\u00eancia f\u00edsica em trilhas de longa dura\u00e7\u00e3o (mais de 6 horas), muito boa t\u00e9cnica.<\/p>\n\n\n\n<p class=\"has-text-align-justify\"><strong>Requisitos f\u00edsicos:&nbsp;<\/strong>Ser constante praticante de Mountain Bike a pelo menos 6 meses. Com treinamento voltado para o MTB de no m\u00ednimo de 3 vezes por semana.<\/p>\n","protected":false},"excerpt":{"rendered":"<p>N\u00e3o \u00e9 f\u00e1cil definir o n\u00edvel de dificuldade das aventuras que realizamos, para que isso seja poss\u00edvel \u00e9 necess\u00e1rio analisarmos diversos par\u00e2metros como: dist\u00e2ncia, velocidade m\u00e9dia, tipo e dificuldade t\u00e9cnica do terreno, clima e outros aspectos.&nbsp; Os n\u00edveis de dificuldade s\u00e3o classificados de 0 a 5. O Mural busca sempre a melhor integra\u00e7\u00e3o e bem [&hellip;]<\/p>\n","protected":false},"author":3,"featured_media":50837,"parent":14,"menu_order":0,"comment_status":"closed","ping_status":"closed","template":"","meta":{"_acf_changed":false,"footnotes":""},"class_list":["post-1528","page","type-page","status-publish","has-post-thumbnail","hentry"],"better_featured_image":{"id":50837,"alt_text":"Os n\u00edveis de dificuldade v\u00e3o de 0 a 5.","caption":"Os n\u00edveis de dificuldade v\u00e3o de 0 a 5.","description":"Os n\u00edveis de dificuldade v\u00e3o de 0 a 5.","media_type":"image","media_details":{"width":654,"height":520,"file":"2017\/11\/N\u00edvel-de-Dificuldade-do-Mural-de-Aventura.jpg","sizes":{"thumbnail":{"file":"N\u00edvel-de-Dificuldade-do-Mural-de-Aventura-150x150.jpg","width":150,"height":150,"mime-type":"image\/jpeg","source_url":"https:\/\/muraldeaventuras.com.br\/blog\/wp-content\/uploads\/2017\/11\/N\u00edvel-de-Dificuldade-do-Mural-de-Aventura-150x150.jpg"},"medium":{"file":"N\u00edvel-de-Dificuldade-do-Mural-de-Aventura-300x239.jpg","width":300,"height":239,"mime-type":"image\/jpeg","source_url":"https:\/\/muraldeaventuras.com.br\/blog\/wp-content\/uploads\/2017\/11\/N\u00edvel-de-Dificuldade-do-Mural-de-Aventura-300x239.jpg"},"shop_thumbnail":{"file":"N\u00edvel-de-Dificuldade-do-Mural-de-Aventura-180x180.jpg","width":180,"height":180,"mime-type":"image\/jpeg","source_url":"https:\/\/muraldeaventuras.com.br\/blog\/wp-content\/uploads\/2017\/11\/N\u00edvel-de-Dificuldade-do-Mural-de-Aventura-180x180.jpg"},"shop_catalog":{"file":"N\u00edvel-de-Dificuldade-do-Mural-de-Aventura-300x300.jpg","width":300,"height":300,"mime-type":"image\/jpeg","source_url":"https:\/\/muraldeaventuras.com.br\/blog\/wp-content\/uploads\/2017\/11\/N\u00edvel-de-Dificuldade-do-Mural-de-Aventura-300x300.jpg"},"shop_single":{"file":"N\u00edvel-de-Dificuldade-do-Mural-de-Aventura-600x520.jpg","width":600,"height":520,"mime-type":"image\/jpeg","source_url":"https:\/\/muraldeaventuras.com.br\/blog\/wp-content\/uploads\/2017\/11\/N\u00edvel-de-Dificuldade-do-Mural-de-Aventura-600x520.jpg"},"big-news":{"file":"N\u00edvel-de-Dificuldade-do-Mural-de-Aventura-654x442.jpg","width":654,"height":442,"mime-type":"image\/jpeg","source_url":"https:\/\/muraldeaventuras.com.br\/blog\/wp-content\/uploads\/2017\/11\/N\u00edvel-de-Dificuldade-do-Mural-de-Aventura-654x442.jpg"},"medium-news":{"file":"N\u00edvel-de-Dificuldade-do-Mural-de-Aventura-346x206.jpg","width":346,"height":206,"mime-type":"image\/jpeg","source_url":"https:\/\/muraldeaventuras.com.br\/blog\/wp-content\/uploads\/2017\/11\/N\u00edvel-de-Dificuldade-do-Mural-de-Aventura-346x206.jpg"},"thumb-news":{"file":"N\u00edvel-de-Dificuldade-do-Mural-de-Aventura-345x250.jpg","width":345,"height":250,"mime-type":"image\/jpeg","source_url":"https:\/\/muraldeaventuras.com.br\/blog\/wp-content\/uploads\/2017\/11\/N\u00edvel-de-Dificuldade-do-Mural-de-Aventura-345x250.jpg"},"thumb-news-sidebar":{"file":"N\u00edvel-de-Dificuldade-do-Mural-de-Aventura-345x200.jpg","width":345,"height":200,"mime-type":"image\/jpeg","source_url":"https:\/\/muraldeaventuras.com.br\/blog\/wp-content\/uploads\/2017\/11\/N\u00edvel-de-Dificuldade-do-Mural-de-Aventura-345x200.jpg"},"thumb-news-small":{"file":"N\u00edvel-de-Dificuldade-do-Mural-de-Aventura-128x80.jpg","width":128,"height":80,"mime-type":"image\/jpeg","source_url":"https:\/\/muraldeaventuras.com.br\/blog\/wp-content\/uploads\/2017\/11\/N\u00edvel-de-Dificuldade-do-Mural-de-Aventura-128x80.jpg"},"medium-loja":{"file":"N\u00edvel-de-Dificuldade-do-Mural-de-Aventura-270x270.jpg","width":270,"height":270,"mime-type":"image\/jpeg","source_url":"https:\/\/muraldeaventuras.com.br\/blog\/wp-content\/uploads\/2017\/11\/N\u00edvel-de-Dificuldade-do-Mural-de-Aventura-270x270.jpg"},"thumb-small":{"file":"N\u00edvel-de-Dificuldade-do-Mural-de-Aventura-270x270.jpg","width":270,"height":270,"mime-type":"image\/jpeg","source_url":"https:\/\/muraldeaventuras.com.br\/blog\/wp-content\/uploads\/2017\/11\/N\u00edvel-de-Dificuldade-do-Mural-de-Aventura-270x270.jpg"}},"image_meta":{"aperture":"0","credit":"","camera":"","caption":"","created_timestamp":"0","copyright":"","focal_length":"0","iso":"0","shutter_speed":"0","title":"","orientation":"0","keywords":[]}},"post":1528,"source_url":"https:\/\/muraldeaventuras.com.br\/blog\/wp-content\/uploads\/2017\/11\/N\u00edvel-de-Dificuldade-do-Mural-de-Aventura.jpg"},"acf":[],"yoast_head":"<!-- This site is optimized with the Yoast SEO plugin v27.2 - https:\/\/yoast.com\/product\/yoast-seo-wordpress\/ -->\n<title>N\u00edveis de Dificuldade das Aventuras - Mural de Aventuras<\/title>\n<meta name=\"robots\" content=\"index, follow, max-snippet:-1, max-image-preview:large, max-video-preview:-1\" \/>\n<link rel=\"canonical\" href=\"https:\/\/muraldeaventuras.com.br\/blog\/o-clube\/niveis-de-dificuldade-das-aventuras\/\" \/>\n<meta property=\"og:locale\" content=\"pt_BR\" \/>\n<meta property=\"og:type\" content=\"article\" \/>\n<meta property=\"og:title\" content=\"N\u00edveis de Dificuldade das Aventuras - Mural de Aventuras\" \/>\n<meta property=\"og:description\" content=\"N\u00e3o \u00e9 f\u00e1cil definir o n\u00edvel de dificuldade das aventuras que realizamos, para que isso seja poss\u00edvel \u00e9 necess\u00e1rio analisarmos diversos par\u00e2metros como: dist\u00e2ncia, velocidade m\u00e9dia, tipo e dificuldade t\u00e9cnica do terreno, clima e outros aspectos.&nbsp; Os n\u00edveis de dificuldade s\u00e3o classificados de 0 a 5. O Mural busca sempre a melhor integra\u00e7\u00e3o e bem [&hellip;]\" \/>\n<meta property=\"og:url\" content=\"https:\/\/muraldeaventuras.com.br\/blog\/o-clube\/niveis-de-dificuldade-das-aventuras\/\" \/>\n<meta property=\"og:site_name\" content=\"Mural de Aventuras\" \/>\n<meta property=\"article:modified_time\" content=\"2020-08-28T20:12:55+00:00\" \/>\n<meta property=\"og:image\" content=\"https:\/\/muraldeaventuras.com.br\/blog\/wp-content\/uploads\/2017\/11\/N\u00edvel-de-Dificuldade-do-Mural-de-Aventura.jpg\" \/>\n\t<meta property=\"og:image:width\" content=\"654\" \/>\n\t<meta property=\"og:image:height\" content=\"520\" \/>\n\t<meta property=\"og:image:type\" content=\"image\/jpeg\" \/>\n<meta name=\"twitter:card\" content=\"summary_large_image\" \/>\n<meta name=\"twitter:label1\" content=\"Est. tempo de leitura\" \/>\n\t<meta name=\"twitter:data1\" content=\"4 minutos\" \/>\n<script type=\"application\/ld+json\" class=\"yoast-schema-graph\">{\"@context\":\"https:\/\/schema.org\",\"@graph\":[{\"@type\":\"WebPage\",\"@id\":\"https:\/\/muraldeaventuras.com.br\/blog\/o-clube\/niveis-de-dificuldade-das-aventuras\/\",\"url\":\"https:\/\/muraldeaventuras.com.br\/blog\/o-clube\/niveis-de-dificuldade-das-aventuras\/\",\"name\":\"N\u00edveis de Dificuldade das Aventuras - Mural de Aventuras\",\"isPartOf\":{\"@id\":\"https:\/\/muraldeaventuras.com.br\/blog\/#website\"},\"primaryImageOfPage\":{\"@id\":\"https:\/\/muraldeaventuras.com.br\/blog\/o-clube\/niveis-de-dificuldade-das-aventuras\/#primaryimage\"},\"image\":{\"@id\":\"https:\/\/muraldeaventuras.com.br\/blog\/o-clube\/niveis-de-dificuldade-das-aventuras\/#primaryimage\"},\"thumbnailUrl\":\"https:\/\/muraldeaventuras.com.br\/blog\/wp-content\/uploads\/2017\/11\/N\u00edvel-de-Dificuldade-do-Mural-de-Aventura.jpg\",\"datePublished\":\"2016-06-25T18:43:00+00:00\",\"dateModified\":\"2020-08-28T20:12:55+00:00\",\"breadcrumb\":{\"@id\":\"https:\/\/muraldeaventuras.com.br\/blog\/o-clube\/niveis-de-dificuldade-das-aventuras\/#breadcrumb\"},\"inLanguage\":\"pt-BR\",\"potentialAction\":[{\"@type\":\"ReadAction\",\"target\":[\"https:\/\/muraldeaventuras.com.br\/blog\/o-clube\/niveis-de-dificuldade-das-aventuras\/\"]}]},{\"@type\":\"ImageObject\",\"inLanguage\":\"pt-BR\",\"@id\":\"https:\/\/muraldeaventuras.com.br\/blog\/o-clube\/niveis-de-dificuldade-das-aventuras\/#primaryimage\",\"url\":\"https:\/\/muraldeaventuras.com.br\/blog\/wp-content\/uploads\/2017\/11\/N\u00edvel-de-Dificuldade-do-Mural-de-Aventura.jpg\",\"contentUrl\":\"https:\/\/muraldeaventuras.com.br\/blog\/wp-content\/uploads\/2017\/11\/N\u00edvel-de-Dificuldade-do-Mural-de-Aventura.jpg\",\"width\":654,\"height\":520,\"caption\":\"Os n\u00edveis de dificuldade v\u00e3o de 0 a 5.\"},{\"@type\":\"BreadcrumbList\",\"@id\":\"https:\/\/muraldeaventuras.com.br\/blog\/o-clube\/niveis-de-dificuldade-das-aventuras\/#breadcrumb\",\"itemListElement\":[{\"@type\":\"ListItem\",\"position\":1,\"name\":\"In\u00edcio\",\"item\":\"https:\/\/muraldeaventuras.com.br\/blog\/\"},{\"@type\":\"ListItem\",\"position\":2,\"name\":\"O Mural\",\"item\":\"https:\/\/muraldeaventuras.com.br\/blog\/o-clube\/\"},{\"@type\":\"ListItem\",\"position\":3,\"name\":\"N\u00edveis de Dificuldade das Aventuras\"}]},{\"@type\":\"WebSite\",\"@id\":\"https:\/\/muraldeaventuras.com.br\/blog\/#website\",\"url\":\"https:\/\/muraldeaventuras.com.br\/blog\/\",\"name\":\"Mural de Aventuras\",\"description\":\"\",\"potentialAction\":[{\"@type\":\"SearchAction\",\"target\":{\"@type\":\"EntryPoint\",\"urlTemplate\":\"https:\/\/muraldeaventuras.com.br\/blog\/?s={search_term_string}\"},\"query-input\":{\"@type\":\"PropertyValueSpecification\",\"valueRequired\":true,\"valueName\":\"search_term_string\"}}],\"inLanguage\":\"pt-BR\"}]}<\/script>\n<!-- \/ Yoast SEO plugin. -->","yoast_head_json":{"title":"N\u00edveis de Dificuldade das Aventuras - Mural de Aventuras","robots":{"index":"index","follow":"follow","max-snippet":"max-snippet:-1","max-image-preview":"max-image-preview:large","max-video-preview":"max-video-preview:-1"},"canonical":"https:\/\/muraldeaventuras.com.br\/blog\/o-clube\/niveis-de-dificuldade-das-aventuras\/","og_locale":"pt_BR","og_type":"article","og_title":"N\u00edveis de Dificuldade das Aventuras - Mural de Aventuras","og_description":"N\u00e3o \u00e9 f\u00e1cil definir o n\u00edvel de dificuldade das aventuras que realizamos, para que isso seja poss\u00edvel \u00e9 necess\u00e1rio analisarmos diversos par\u00e2metros como: dist\u00e2ncia, velocidade m\u00e9dia, tipo e dificuldade t\u00e9cnica do terreno, clima e outros aspectos.&nbsp; Os n\u00edveis de dificuldade s\u00e3o classificados de 0 a 5. O Mural busca sempre a melhor integra\u00e7\u00e3o e bem [&hellip;]","og_url":"https:\/\/muraldeaventuras.com.br\/blog\/o-clube\/niveis-de-dificuldade-das-aventuras\/","og_site_name":"Mural de Aventuras","article_modified_time":"2020-08-28T20:12:55+00:00","og_image":[{"width":654,"height":520,"url":"https:\/\/muraldeaventuras.com.br\/blog\/wp-content\/uploads\/2017\/11\/N\u00edvel-de-Dificuldade-do-Mural-de-Aventura.jpg","type":"image\/jpeg"}],"twitter_card":"summary_large_image","twitter_misc":{"Est. tempo de leitura":"4 minutos"},"schema":{"@context":"https:\/\/schema.org","@graph":[{"@type":"WebPage","@id":"https:\/\/muraldeaventuras.com.br\/blog\/o-clube\/niveis-de-dificuldade-das-aventuras\/","url":"https:\/\/muraldeaventuras.com.br\/blog\/o-clube\/niveis-de-dificuldade-das-aventuras\/","name":"N\u00edveis de Dificuldade das Aventuras - Mural de Aventuras","isPartOf":{"@id":"https:\/\/muraldeaventuras.com.br\/blog\/#website"},"primaryImageOfPage":{"@id":"https:\/\/muraldeaventuras.com.br\/blog\/o-clube\/niveis-de-dificuldade-das-aventuras\/#primaryimage"},"image":{"@id":"https:\/\/muraldeaventuras.com.br\/blog\/o-clube\/niveis-de-dificuldade-das-aventuras\/#primaryimage"},"thumbnailUrl":"https:\/\/muraldeaventuras.com.br\/blog\/wp-content\/uploads\/2017\/11\/N\u00edvel-de-Dificuldade-do-Mural-de-Aventura.jpg","datePublished":"2016-06-25T18:43:00+00:00","dateModified":"2020-08-28T20:12:55+00:00","breadcrumb":{"@id":"https:\/\/muraldeaventuras.com.br\/blog\/o-clube\/niveis-de-dificuldade-das-aventuras\/#breadcrumb"},"inLanguage":"pt-BR","potentialAction":[{"@type":"ReadAction","target":["https:\/\/muraldeaventuras.com.br\/blog\/o-clube\/niveis-de-dificuldade-das-aventuras\/"]}]},{"@type":"ImageObject","inLanguage":"pt-BR","@id":"https:\/\/muraldeaventuras.com.br\/blog\/o-clube\/niveis-de-dificuldade-das-aventuras\/#primaryimage","url":"https:\/\/muraldeaventuras.com.br\/blog\/wp-content\/uploads\/2017\/11\/N\u00edvel-de-Dificuldade-do-Mural-de-Aventura.jpg","contentUrl":"https:\/\/muraldeaventuras.com.br\/blog\/wp-content\/uploads\/2017\/11\/N\u00edvel-de-Dificuldade-do-Mural-de-Aventura.jpg","width":654,"height":520,"caption":"Os n\u00edveis de dificuldade v\u00e3o de 0 a 5."},{"@type":"BreadcrumbList","@id":"https:\/\/muraldeaventuras.com.br\/blog\/o-clube\/niveis-de-dificuldade-das-aventuras\/#breadcrumb","itemListElement":[{"@type":"ListItem","position":1,"name":"In\u00edcio","item":"https:\/\/muraldeaventuras.com.br\/blog\/"},{"@type":"ListItem","position":2,"name":"O Mural","item":"https:\/\/muraldeaventuras.com.br\/blog\/o-clube\/"},{"@type":"ListItem","position":3,"name":"N\u00edveis de Dificuldade das Aventuras"}]},{"@type":"WebSite","@id":"https:\/\/muraldeaventuras.com.br\/blog\/#website","url":"https:\/\/muraldeaventuras.com.br\/blog\/","name":"Mural de Aventuras","description":"","potentialAction":[{"@type":"SearchAction","target":{"@type":"EntryPoint","urlTemplate":"https:\/\/muraldeaventuras.com.br\/blog\/?s={search_term_string}"},"query-input":{"@type":"PropertyValueSpecification","valueRequired":true,"valueName":"search_term_string"}}],"inLanguage":"pt-BR"}]}},"jetpack_shortlink":"https:\/\/wp.me\/P9bzJR-oE","jetpack_sharing_enabled":true,"_links":{"self":[{"href":"https:\/\/muraldeaventuras.com.br\/blog\/wp-json\/wp\/v2\/pages\/1528","targetHints":{"allow":["GET"]}}],"collection":[{"href":"https:\/\/muraldeaventuras.com.br\/blog\/wp-json\/wp\/v2\/pages"}],"about":[{"href":"https:\/\/muraldeaventuras.com.br\/blog\/wp-json\/wp\/v2\/types\/page"}],"author":[{"embeddable":true,"href":"https:\/\/muraldeaventuras.com.br\/blog\/wp-json\/wp\/v2\/users\/3"}],"replies":[{"embeddable":true,"href":"https:\/\/muraldeaventuras.com.br\/blog\/wp-json\/wp\/v2\/comments?post=1528"}],"version-history":[{"count":10,"href":"https:\/\/muraldeaventuras.com.br\/blog\/wp-json\/wp\/v2\/pages\/1528\/revisions"}],"predecessor-version":[{"id":51942,"href":"https:\/\/muraldeaventuras.com.br\/blog\/wp-json\/wp\/v2\/pages\/1528\/revisions\/51942"}],"up":[{"embeddable":true,"href":"https:\/\/muraldeaventuras.com.br\/blog\/wp-json\/wp\/v2\/pages\/14"}],"wp:featuredmedia":[{"embeddable":true,"href":"https:\/\/muraldeaventuras.com.br\/blog\/wp-json\/wp\/v2\/media\/50837"}],"wp:attachment":[{"href":"https:\/\/muraldeaventuras.com.br\/blog\/wp-json\/wp\/v2\/media?parent=1528"}],"curies":[{"name":"wp","href":"https:\/\/api.w.org\/{rel}","templated":true}]}}