{"id":1521,"date":"2017-09-13T23:26:00","date_gmt":"2017-09-14T02:26:00","guid":{"rendered":"http:\/\/muraldeaventuras.com.br\/\/ctm-paralela"},"modified":"2022-10-17T09:36:09","modified_gmt":"2022-10-17T12:36:09","slug":"ctm-alphaville","status":"publish","type":"page","link":"https:\/\/muraldeaventuras.com.br\/blog\/o-clube\/ctm-alphaville\/","title":{"rendered":"Academia de Bike &#8211; CTM Alphaville"},"content":{"rendered":"\n<div class=\"wp-block-group\"><div class=\"wp-block-group__inner-container is-layout-flow wp-block-group-is-layout-flow\">\n<p class=\"has-text-align-justify\">Nosso <strong>PEDAL TREINO<\/strong> noturno (misto de trilha e asfalto) de todas TER\u00c7AS e QUINTAS com sa\u00edda do Alphaville da Paralela. O CTM possui 4 formatos diferentes que s\u00e3o voltados para quem quer aprender, treinar, iniciar e evoluir no Mountain Bike (pedalar em trilha). <\/p>\n\n\n\n<div class=\"wp-block-group\"><div class=\"wp-block-group__inner-container is-layout-flow wp-block-group-is-layout-flow\">\n<p><img loading=\"lazy\" decoding=\"async\" data-attachment-id=\"51837\" data-permalink=\"https:\/\/muraldeaventuras.com.br\/blog\/o-clube\/ctm-alphaville\/ctm-01\/\" data-orig-file=\"https:\/\/muraldeaventuras.com.br\/blog\/wp-content\/uploads\/2020\/07\/CTM-01.jpg\" data-orig-size=\"960,720\" data-comments-opened=\"1\" data-image-meta=\"{&quot;aperture&quot;:&quot;0&quot;,&quot;credit&quot;:&quot;&quot;,&quot;camera&quot;:&quot;&quot;,&quot;caption&quot;:&quot;&quot;,&quot;created_timestamp&quot;:&quot;0&quot;,&quot;copyright&quot;:&quot;&quot;,&quot;focal_length&quot;:&quot;0&quot;,&quot;iso&quot;:&quot;0&quot;,&quot;shutter_speed&quot;:&quot;0&quot;,&quot;title&quot;:&quot;&quot;,&quot;orientation&quot;:&quot;0&quot;}\" data-image-title=\"CTM 01\" data-image-description=\"\" data-image-caption=\"\" data-medium-file=\"https:\/\/muraldeaventuras.com.br\/blog\/wp-content\/uploads\/2020\/07\/CTM-01-300x225.jpg\" data-large-file=\"https:\/\/muraldeaventuras.com.br\/blog\/wp-content\/uploads\/2020\/07\/CTM-01.jpg\" class=\"alignnone wp-image-51837 size-full\" src=\"http:\/\/muraldeaventuras.com.br\/blog\/wp-content\/uploads\/2020\/07\/CTM-01.jpg\" alt=\"\" width=\"960\" height=\"720\" srcset=\"https:\/\/muraldeaventuras.com.br\/blog\/wp-content\/uploads\/2020\/07\/CTM-01.jpg 960w, https:\/\/muraldeaventuras.com.br\/blog\/wp-content\/uploads\/2020\/07\/CTM-01-300x225.jpg 300w, https:\/\/muraldeaventuras.com.br\/blog\/wp-content\/uploads\/2020\/07\/CTM-01-768x576.jpg 768w, https:\/\/muraldeaventuras.com.br\/blog\/wp-content\/uploads\/2020\/07\/CTM-01-600x450.jpg 600w\" sizes=\"auto, (max-width: 960px) 100vw, 960px\" \/><\/p>\n<p style=\"text-align: justify;\">Os CTM\u00b4s s\u00e3o classificados em <strong>4 tipos<\/strong>, cada um com seu formato de Pedal Treino:<\/p>\n<ul style=\"text-align: justify;\">\n<li class=\"ql-align-justify\"><strong>CIRCUITO: <\/strong>Pedal treino realizado em uma \u00e1rea definida de n\u00edvel de dificuldade variado (do 2 &#8211; Leve \/ Light ao 5 &#8211; Alto, <a href=\"https:\/\/muraldeaventuras.com.br\/blog\/o-clube\/niveis-de-dificuldade-das-aventuras\/\">saiba mais sobre os n\u00edveis<\/a>) em terreno misto (asfalto e trilha). A dist\u00e2ncia \u00e9 vari\u00e1vel por se tratar de um circuito onde os participantes determinam o seu ritmo com dura\u00e7\u00e3o aproximada do treino de 45 minutos.<\/li>\n<li><strong>SPC (SEM P\u00c9 NO CH\u00c3O)<\/strong>: Pedal treino de trilha e asfalto em que os participantes devem seguir o guia que realiza mini-circuitos. N\u00e3o tem paradas (sem p\u00e9 no ch\u00e3o), somente em caso extraordin\u00e1rio por necessidade de algum participante. Possui n\u00edvel dificuldade 2 &#8211; Leve \/ Light ou 3 \u2013 M\u00e9dio.<\/li>\n<li class=\"ql-align-justify\"><strong>BROCA\u00c7\u00c3O: <\/strong>Pedal de trilha ou asfalto realizado em percurso indefinido onde geralmente tem n\u00edvel dificuldade igual ou maior ao 3 \u2013 M\u00e9dio. Nesse tipo os participantes devem seguir o guia durante todo trajeto e caso n\u00e3o consiga acompanhar <strong>n\u00e3o tem espera<\/strong>. Aconselh\u00e1vel ir com outra pessoa para caso seja necess\u00e1rio retornar com mais seguran\u00e7a.<\/li>\n<li><strong>ESPECIAL:<\/strong> Geralmente s\u00e3o pedais comemorativos (Carnaval, S\u00e3o Jo\u00e3o, Natal, etc). Ver descri\u00e7\u00e3o do formato na p\u00e1gina do evento do site do Mural de Aventuras.<\/li>\n<\/ul>\n<p style=\"text-align: center;\">O CTM n\u00e3o \u00e9 indicado para iniciante no andar de bicicleta, aconselh\u00e1vel para quem j\u00e1 pedala bem no asfalto, n\u00e3o \u00e9 considerado sedent\u00e1rio e sabe trocar as marchas.\u00a0<\/p>\n<p style=\"text-align: justify;\"><strong>ATEN\u00c7\u00c3O:<\/strong> Veja qual tipo de CTM ser\u00e1 realizado em cada dia no <strong><a href=\"https:\/\/www.muraldeaventuras.com.br\/eventos\">Calend\u00e1rio do Mural<\/a><\/strong>.<\/p>\n<h5 style=\"text-align: center;\"><strong>Venha participar, fa\u00e7a seu treino para as aventuras com divers\u00e3o ao lado de uma galera massa! Bora Mural!<\/strong><\/h5>\n<h4>Requisitos para participa\u00e7\u00e3o:<\/h4>\n<ul>\n<li>Ser associado do Mural de Aventuras (<a href=\"https:\/\/muraldeaventuras.com.br\/blog\/o-clube\/planos\/\">fa\u00e7a sua associa\u00e7\u00e3o<\/a>).<\/li>\n<li>Estar alimentado, levar \u00e1gua.<\/li>\n<li>Usar equipamentos de seguran\u00e7a (capacete, luva, lanterna de bike e pisca-pisca trazeiro).<\/li>\n<li>Fazer a inscri\u00e7\u00e3o no CTM no site do Mural de Aventura.<\/li>\n<\/ul>\n<h4 style=\"text-align: justify;\">Ponto de encontro e hor\u00e1rio:<\/h4>\n<p style=\"text-align: justify;\">Alphaville Paralela (pegar\u00a01\u00aa entrada)\u00a0na rua Pituba em frente ao Alpha Club. In\u00edcio do pedal \u00e0s 20h (chegar 15min antes).<\/p>\n<p><strong>Localiza\u00e7\u00e3o:<\/strong> <a href=\"https:\/\/goo.gl\/maps\/ppu7qqvXYnz8KXpL9\">https:\/\/goo.gl\/maps\/ppu7qqvXYnz8KXpL9<\/a><\/p>\n<h4>Protocolo de Distanciamento Social do CTM:<\/h4>\n<ul style=\"text-align: justify;\">\n<li class=\"ql-align-justify\">LER E SEGUIR O PROTOCOLO GERAL DE DISTANCIAMENTO SOCIAL DO MURAL DE AVENTURAS (<a href=\"https:\/\/www.muraldeaventuras.com.br\/uploads\/termos\/Protocolo_Retomada.pdf\" target=\"_blank\" rel=\"noopener noreferrer\"><strong>VEJA AQUI<\/strong><\/a>).<\/li>\n<li>A disponibiliza\u00e7\u00e3o de vagas fica reduzida e apenas para associados que dever\u00e3o realizar a inscri\u00e7\u00e3o no site do Mural de Aventuras.<\/li>\n<li>Apenas os inscritos no site dever\u00e3o comparecer no local de encontro.<\/li>\n<li>Pensando no coletivo, pedimos que os inscritos que n\u00e3o puderem comparecer, avisar at\u00e9 \u00e0s 15h do dia do CTM para que seja disponibilizada a vaga para outros participantes.<\/li>\n<\/ul>\n<p style=\"text-align: center;\"><img loading=\"lazy\" decoding=\"async\" data-attachment-id=\"51838\" data-permalink=\"https:\/\/muraldeaventuras.com.br\/blog\/o-clube\/ctm-alphaville\/paulonunes181pb7-9jtenqd800\/\" data-orig-file=\"https:\/\/muraldeaventuras.com.br\/blog\/wp-content\/uploads\/2020\/07\/paulonunes181@p@B7-9Jtenqd8@0@0.jpg\" data-orig-size=\"1080,720\" data-comments-opened=\"1\" data-image-meta=\"{&quot;aperture&quot;:&quot;0&quot;,&quot;credit&quot;:&quot;&quot;,&quot;camera&quot;:&quot;&quot;,&quot;caption&quot;:&quot;&quot;,&quot;created_timestamp&quot;:&quot;0&quot;,&quot;copyright&quot;:&quot;&quot;,&quot;focal_length&quot;:&quot;0&quot;,&quot;iso&quot;:&quot;0&quot;,&quot;shutter_speed&quot;:&quot;0&quot;,&quot;title&quot;:&quot;&quot;,&quot;orientation&quot;:&quot;0&quot;}\" data-image-title=\"paulonunes181@p@B7-9Jtenqd8@0@0\" data-image-description=\"\" data-image-caption=\"\" data-medium-file=\"https:\/\/muraldeaventuras.com.br\/blog\/wp-content\/uploads\/2020\/07\/paulonunes181@p@B7-9Jtenqd8@0@0-300x200.jpg\" data-large-file=\"https:\/\/muraldeaventuras.com.br\/blog\/wp-content\/uploads\/2020\/07\/paulonunes181@p@B7-9Jtenqd8@0@0-1024x683.jpg\" class=\"alignnone size-full wp-image-51838\" src=\"http:\/\/muraldeaventuras.com.br\/blog\/wp-content\/uploads\/2020\/07\/paulonunes181@p@B7-9Jtenqd8@0@0.jpg\" alt=\"\" width=\"1080\" height=\"720\" srcset=\"https:\/\/muraldeaventuras.com.br\/blog\/wp-content\/uploads\/2020\/07\/paulonunes181@p@B7-9Jtenqd8@0@0.jpg 1080w, https:\/\/muraldeaventuras.com.br\/blog\/wp-content\/uploads\/2020\/07\/paulonunes181@p@B7-9Jtenqd8@0@0-300x200.jpg 300w, https:\/\/muraldeaventuras.com.br\/blog\/wp-content\/uploads\/2020\/07\/paulonunes181@p@B7-9Jtenqd8@0@0-1024x683.jpg 1024w, https:\/\/muraldeaventuras.com.br\/blog\/wp-content\/uploads\/2020\/07\/paulonunes181@p@B7-9Jtenqd8@0@0-768x512.jpg 768w, https:\/\/muraldeaventuras.com.br\/blog\/wp-content\/uploads\/2020\/07\/paulonunes181@p@B7-9Jtenqd8@0@0-600x400.jpg 600w\" sizes=\"auto, (max-width: 1080px) 100vw, 1080px\" \/> <img loading=\"lazy\" decoding=\"async\" data-attachment-id=\"51839\" data-permalink=\"https:\/\/muraldeaventuras.com.br\/blog\/o-clube\/ctm-alphaville\/paulonunes181pb7-9jtenqd801\/\" data-orig-file=\"https:\/\/muraldeaventuras.com.br\/blog\/wp-content\/uploads\/2020\/07\/paulonunes181@p@B7-9Jtenqd8@0@1.jpg\" data-orig-size=\"1080,720\" data-comments-opened=\"1\" data-image-meta=\"{&quot;aperture&quot;:&quot;0&quot;,&quot;credit&quot;:&quot;&quot;,&quot;camera&quot;:&quot;&quot;,&quot;caption&quot;:&quot;&quot;,&quot;created_timestamp&quot;:&quot;0&quot;,&quot;copyright&quot;:&quot;&quot;,&quot;focal_length&quot;:&quot;0&quot;,&quot;iso&quot;:&quot;0&quot;,&quot;shutter_speed&quot;:&quot;0&quot;,&quot;title&quot;:&quot;&quot;,&quot;orientation&quot;:&quot;0&quot;}\" data-image-title=\"paulonunes181@p@B7-9Jtenqd8@0@1\" data-image-description=\"\" data-image-caption=\"\" data-medium-file=\"https:\/\/muraldeaventuras.com.br\/blog\/wp-content\/uploads\/2020\/07\/paulonunes181@p@B7-9Jtenqd8@0@1-300x200.jpg\" data-large-file=\"https:\/\/muraldeaventuras.com.br\/blog\/wp-content\/uploads\/2020\/07\/paulonunes181@p@B7-9Jtenqd8@0@1-1024x683.jpg\" class=\"alignnone size-full wp-image-51839\" src=\"http:\/\/muraldeaventuras.com.br\/blog\/wp-content\/uploads\/2020\/07\/paulonunes181@p@B7-9Jtenqd8@0@1.jpg\" alt=\"\" width=\"1080\" height=\"720\" srcset=\"https:\/\/muraldeaventuras.com.br\/blog\/wp-content\/uploads\/2020\/07\/paulonunes181@p@B7-9Jtenqd8@0@1.jpg 1080w, https:\/\/muraldeaventuras.com.br\/blog\/wp-content\/uploads\/2020\/07\/paulonunes181@p@B7-9Jtenqd8@0@1-300x200.jpg 300w, https:\/\/muraldeaventuras.com.br\/blog\/wp-content\/uploads\/2020\/07\/paulonunes181@p@B7-9Jtenqd8@0@1-1024x683.jpg 1024w, https:\/\/muraldeaventuras.com.br\/blog\/wp-content\/uploads\/2020\/07\/paulonunes181@p@B7-9Jtenqd8@0@1-768x512.jpg 768w, https:\/\/muraldeaventuras.com.br\/blog\/wp-content\/uploads\/2020\/07\/paulonunes181@p@B7-9Jtenqd8@0@1-600x400.jpg 600w\" sizes=\"auto, (max-width: 1080px) 100vw, 1080px\" \/> <img loading=\"lazy\" decoding=\"async\" data-attachment-id=\"51840\" data-permalink=\"https:\/\/muraldeaventuras.com.br\/blog\/o-clube\/ctm-alphaville\/paulonunes181-15935669417920\/\" data-orig-file=\"https:\/\/muraldeaventuras.com.br\/blog\/wp-content\/uploads\/2020\/07\/paulonunes181-15935669417920.jpg\" data-orig-size=\"1080,720\" data-comments-opened=\"1\" data-image-meta=\"{&quot;aperture&quot;:&quot;0&quot;,&quot;credit&quot;:&quot;&quot;,&quot;camera&quot;:&quot;&quot;,&quot;caption&quot;:&quot;&quot;,&quot;created_timestamp&quot;:&quot;0&quot;,&quot;copyright&quot;:&quot;&quot;,&quot;focal_length&quot;:&quot;0&quot;,&quot;iso&quot;:&quot;0&quot;,&quot;shutter_speed&quot;:&quot;0&quot;,&quot;title&quot;:&quot;&quot;,&quot;orientation&quot;:&quot;0&quot;}\" data-image-title=\"paulonunes181-15935669417920\" data-image-description=\"\" data-image-caption=\"\" data-medium-file=\"https:\/\/muraldeaventuras.com.br\/blog\/wp-content\/uploads\/2020\/07\/paulonunes181-15935669417920-300x200.jpg\" data-large-file=\"https:\/\/muraldeaventuras.com.br\/blog\/wp-content\/uploads\/2020\/07\/paulonunes181-15935669417920-1024x683.jpg\" class=\"alignnone size-full wp-image-51840\" src=\"http:\/\/muraldeaventuras.com.br\/blog\/wp-content\/uploads\/2020\/07\/paulonunes181-15935669417920.jpg\" alt=\"\" width=\"1080\" height=\"720\" srcset=\"https:\/\/muraldeaventuras.com.br\/blog\/wp-content\/uploads\/2020\/07\/paulonunes181-15935669417920.jpg 1080w, https:\/\/muraldeaventuras.com.br\/blog\/wp-content\/uploads\/2020\/07\/paulonunes181-15935669417920-300x200.jpg 300w, https:\/\/muraldeaventuras.com.br\/blog\/wp-content\/uploads\/2020\/07\/paulonunes181-15935669417920-1024x683.jpg 1024w, https:\/\/muraldeaventuras.com.br\/blog\/wp-content\/uploads\/2020\/07\/paulonunes181-15935669417920-768x512.jpg 768w, https:\/\/muraldeaventuras.com.br\/blog\/wp-content\/uploads\/2020\/07\/paulonunes181-15935669417920-600x400.jpg 600w\" sizes=\"auto, (max-width: 1080px) 100vw, 1080px\" \/><\/p>\n<h2>VEJA OS V\u00cdDEOS ABAIXO E CONHE\u00c7A MELHOR O CTM!<\/h2>\n<p style=\"text-align: center;\"><iframe loading=\"lazy\" src=\"https:\/\/www.youtube.com\/embed\/CSK_j2z5XSQ\" width=\"560\" height=\"315\" frameborder=\"0\" allowfullscreen=\"allowfullscreen\"><\/iframe><\/p>\n<p style=\"text-align: center;\"><iframe loading=\"lazy\" src=\"https:\/\/www.youtube.com\/embed\/Cj2--1vUS6I\" width=\"560\" height=\"315\" frameborder=\"0\" allowfullscreen=\"allowfullscreen\"><\/iframe><\/p>\n<p style=\"text-align: center;\"><iframe loading=\"lazy\" src=\"https:\/\/www.youtube.com\/embed\/8HlPAdCoq9s\" width=\"480\" height=\"349\" frameborder=\"0\" allowfullscreen=\"allowfullscreen\"><\/iframe><\/p>\n<h3>REPORTAGEM PROGRAMA ZONA DE ESPORTE DA BAND TV<\/h3>\n<p style=\"text-align: center;\"><iframe loading=\"lazy\" src=\"https:\/\/www.youtube.com\/embed\/XgvmCStCJG4\" width=\"560\" height=\"315\" frameborder=\"0\" allowfullscreen=\"allowfullscreen\"><\/iframe><\/p>\n<h3>\u00a0<\/h3>\n<\/div><\/div>\n<\/div><\/div>\n","protected":false},"excerpt":{"rendered":"<p>Nosso PEDAL TREINO noturno (misto de trilha e asfalto) de todas TER\u00c7AS e QUINTAS com sa\u00edda do Alphaville da Paralela. O CTM possui 4 formatos diferentes que s\u00e3o voltados para quem quer aprender, treinar, iniciar e evoluir no Mountain Bike (pedalar em trilha). Os CTM\u00b4s s\u00e3o classificados em 4 tipos, cada um com seu formato [&hellip;]<\/p>\n","protected":false},"author":3,"featured_media":50840,"parent":14,"menu_order":0,"comment_status":"closed","ping_status":"closed","template":"","meta":{"_acf_changed":false,"footnotes":""},"class_list":["post-1521","page","type-page","status-publish","has-post-thumbnail","hentry"],"better_featured_image":{"id":50840,"alt_text":"CTM Alphaville","caption":"CTM Alphaville","description":"CTM Alphaville","media_type":"image","media_details":{"width":822,"height":822,"file":"2017\/11\/CTMAlphaville.jpg","sizes":{"thumbnail":{"file":"CTMAlphaville-150x150.jpg","width":150,"height":150,"mime-type":"image\/jpeg","source_url":"https:\/\/muraldeaventuras.com.br\/blog\/wp-content\/uploads\/2017\/11\/CTMAlphaville-150x150.jpg"},"medium":{"file":"CTMAlphaville-300x300.jpg","width":300,"height":300,"mime-type":"image\/jpeg","source_url":"https:\/\/muraldeaventuras.com.br\/blog\/wp-content\/uploads\/2017\/11\/CTMAlphaville-300x300.jpg"},"medium_large":{"file":"CTMAlphaville-768x768.jpg","width":768,"height":768,"mime-type":"image\/jpeg","source_url":"https:\/\/muraldeaventuras.com.br\/blog\/wp-content\/uploads\/2017\/11\/CTMAlphaville-768x768.jpg"},"shop_thumbnail":{"file":"CTMAlphaville-180x180.jpg","width":180,"height":180,"mime-type":"image\/jpeg","source_url":"https:\/\/muraldeaventuras.com.br\/blog\/wp-content\/uploads\/2017\/11\/CTMAlphaville-180x180.jpg"},"shop_catalog":{"file":"CTMAlphaville-300x300.jpg","width":300,"height":300,"mime-type":"image\/jpeg","source_url":"https:\/\/muraldeaventuras.com.br\/blog\/wp-content\/uploads\/2017\/11\/CTMAlphaville-300x300.jpg"},"shop_single":{"file":"CTMAlphaville-600x600.jpg","width":600,"height":600,"mime-type":"image\/jpeg","source_url":"https:\/\/muraldeaventuras.com.br\/blog\/wp-content\/uploads\/2017\/11\/CTMAlphaville-600x600.jpg"},"big-news":{"file":"CTMAlphaville-752x442.jpg","width":752,"height":442,"mime-type":"image\/jpeg","source_url":"https:\/\/muraldeaventuras.com.br\/blog\/wp-content\/uploads\/2017\/11\/CTMAlphaville-752x442.jpg"},"medium-news":{"file":"CTMAlphaville-346x206.jpg","width":346,"height":206,"mime-type":"image\/jpeg","source_url":"https:\/\/muraldeaventuras.com.br\/blog\/wp-content\/uploads\/2017\/11\/CTMAlphaville-346x206.jpg"},"thumb-news":{"file":"CTMAlphaville-345x250.jpg","width":345,"height":250,"mime-type":"image\/jpeg","source_url":"https:\/\/muraldeaventuras.com.br\/blog\/wp-content\/uploads\/2017\/11\/CTMAlphaville-345x250.jpg"},"thumb-news-sidebar":{"file":"CTMAlphaville-345x200.jpg","width":345,"height":200,"mime-type":"image\/jpeg","source_url":"https:\/\/muraldeaventuras.com.br\/blog\/wp-content\/uploads\/2017\/11\/CTMAlphaville-345x200.jpg"},"thumb-news-small":{"file":"CTMAlphaville-128x80.jpg","width":128,"height":80,"mime-type":"image\/jpeg","source_url":"https:\/\/muraldeaventuras.com.br\/blog\/wp-content\/uploads\/2017\/11\/CTMAlphaville-128x80.jpg"},"medium-loja":{"file":"CTMAlphaville-270x270.jpg","width":270,"height":270,"mime-type":"image\/jpeg","source_url":"https:\/\/muraldeaventuras.com.br\/blog\/wp-content\/uploads\/2017\/11\/CTMAlphaville-270x270.jpg"},"thumb-small":{"file":"CTMAlphaville-270x270.jpg","width":270,"height":270,"mime-type":"image\/jpeg","source_url":"https:\/\/muraldeaventuras.com.br\/blog\/wp-content\/uploads\/2017\/11\/CTMAlphaville-270x270.jpg"}},"image_meta":{"aperture":"0","credit":"","camera":"","caption":"","created_timestamp":"0","copyright":"","focal_length":"0","iso":"0","shutter_speed":"0","title":"","orientation":"1","keywords":[]}},"post":1521,"source_url":"https:\/\/muraldeaventuras.com.br\/blog\/wp-content\/uploads\/2017\/11\/CTMAlphaville.jpg"},"acf":[],"yoast_head":"<!-- This site is optimized with the Yoast SEO plugin v27.2 - https:\/\/yoast.com\/product\/yoast-seo-wordpress\/ -->\n<title>Academia de Bike - CTM Alphaville - Mural de Aventuras<\/title>\n<meta name=\"robots\" content=\"index, follow, max-snippet:-1, max-image-preview:large, max-video-preview:-1\" \/>\n<link rel=\"canonical\" href=\"https:\/\/muraldeaventuras.com.br\/blog\/o-clube\/ctm-alphaville\/\" \/>\n<meta property=\"og:locale\" content=\"pt_BR\" \/>\n<meta property=\"og:type\" content=\"article\" \/>\n<meta property=\"og:title\" content=\"Academia de Bike - CTM Alphaville - Mural de Aventuras\" \/>\n<meta property=\"og:description\" content=\"Nosso PEDAL TREINO noturno (misto de trilha e asfalto) de todas TER\u00c7AS e QUINTAS com sa\u00edda do Alphaville da Paralela. O CTM possui 4 formatos diferentes que s\u00e3o voltados para quem quer aprender, treinar, iniciar e evoluir no Mountain Bike (pedalar em trilha). Os CTM\u00b4s s\u00e3o classificados em 4 tipos, cada um com seu formato [&hellip;]\" \/>\n<meta property=\"og:url\" content=\"https:\/\/muraldeaventuras.com.br\/blog\/o-clube\/ctm-alphaville\/\" \/>\n<meta property=\"og:site_name\" content=\"Mural de Aventuras\" \/>\n<meta property=\"article:modified_time\" content=\"2022-10-17T12:36:09+00:00\" \/>\n<meta property=\"og:image\" content=\"https:\/\/muraldeaventuras.com.br\/blog\/wp-content\/uploads\/2017\/11\/CTMAlphaville.jpg\" \/>\n\t<meta property=\"og:image:width\" content=\"822\" \/>\n\t<meta property=\"og:image:height\" content=\"822\" \/>\n\t<meta property=\"og:image:type\" content=\"image\/jpeg\" \/>\n<meta name=\"twitter:card\" content=\"summary_large_image\" \/>\n<meta name=\"twitter:label1\" content=\"Est. tempo de leitura\" \/>\n\t<meta name=\"twitter:data1\" content=\"3 minutos\" \/>\n<script type=\"application\/ld+json\" class=\"yoast-schema-graph\">{\"@context\":\"https:\/\/schema.org\",\"@graph\":[{\"@type\":\"WebPage\",\"@id\":\"https:\/\/muraldeaventuras.com.br\/blog\/o-clube\/ctm-alphaville\/\",\"url\":\"https:\/\/muraldeaventuras.com.br\/blog\/o-clube\/ctm-alphaville\/\",\"name\":\"Academia de Bike - CTM Alphaville - Mural de Aventuras\",\"isPartOf\":{\"@id\":\"https:\/\/muraldeaventuras.com.br\/blog\/#website\"},\"primaryImageOfPage\":{\"@id\":\"https:\/\/muraldeaventuras.com.br\/blog\/o-clube\/ctm-alphaville\/#primaryimage\"},\"image\":{\"@id\":\"https:\/\/muraldeaventuras.com.br\/blog\/o-clube\/ctm-alphaville\/#primaryimage\"},\"thumbnailUrl\":\"https:\/\/muraldeaventuras.com.br\/blog\/wp-content\/uploads\/2017\/11\/CTMAlphaville.jpg\",\"datePublished\":\"2017-09-14T02:26:00+00:00\",\"dateModified\":\"2022-10-17T12:36:09+00:00\",\"breadcrumb\":{\"@id\":\"https:\/\/muraldeaventuras.com.br\/blog\/o-clube\/ctm-alphaville\/#breadcrumb\"},\"inLanguage\":\"pt-BR\",\"potentialAction\":[{\"@type\":\"ReadAction\",\"target\":[\"https:\/\/muraldeaventuras.com.br\/blog\/o-clube\/ctm-alphaville\/\"]}]},{\"@type\":\"ImageObject\",\"inLanguage\":\"pt-BR\",\"@id\":\"https:\/\/muraldeaventuras.com.br\/blog\/o-clube\/ctm-alphaville\/#primaryimage\",\"url\":\"https:\/\/muraldeaventuras.com.br\/blog\/wp-content\/uploads\/2017\/11\/CTMAlphaville.jpg\",\"contentUrl\":\"https:\/\/muraldeaventuras.com.br\/blog\/wp-content\/uploads\/2017\/11\/CTMAlphaville.jpg\",\"width\":822,\"height\":822,\"caption\":\"CTM Alphaville\"},{\"@type\":\"BreadcrumbList\",\"@id\":\"https:\/\/muraldeaventuras.com.br\/blog\/o-clube\/ctm-alphaville\/#breadcrumb\",\"itemListElement\":[{\"@type\":\"ListItem\",\"position\":1,\"name\":\"In\u00edcio\",\"item\":\"https:\/\/muraldeaventuras.com.br\/blog\/\"},{\"@type\":\"ListItem\",\"position\":2,\"name\":\"O Mural\",\"item\":\"https:\/\/muraldeaventuras.com.br\/blog\/o-clube\/\"},{\"@type\":\"ListItem\",\"position\":3,\"name\":\"Academia de Bike &#8211; CTM Alphaville\"}]},{\"@type\":\"WebSite\",\"@id\":\"https:\/\/muraldeaventuras.com.br\/blog\/#website\",\"url\":\"https:\/\/muraldeaventuras.com.br\/blog\/\",\"name\":\"Mural de Aventuras\",\"description\":\"\",\"potentialAction\":[{\"@type\":\"SearchAction\",\"target\":{\"@type\":\"EntryPoint\",\"urlTemplate\":\"https:\/\/muraldeaventuras.com.br\/blog\/?s={search_term_string}\"},\"query-input\":{\"@type\":\"PropertyValueSpecification\",\"valueRequired\":true,\"valueName\":\"search_term_string\"}}],\"inLanguage\":\"pt-BR\"}]}<\/script>\n<!-- \/ Yoast SEO plugin. -->","yoast_head_json":{"title":"Academia de Bike - CTM Alphaville - Mural de Aventuras","robots":{"index":"index","follow":"follow","max-snippet":"max-snippet:-1","max-image-preview":"max-image-preview:large","max-video-preview":"max-video-preview:-1"},"canonical":"https:\/\/muraldeaventuras.com.br\/blog\/o-clube\/ctm-alphaville\/","og_locale":"pt_BR","og_type":"article","og_title":"Academia de Bike - CTM Alphaville - Mural de Aventuras","og_description":"Nosso PEDAL TREINO noturno (misto de trilha e asfalto) de todas TER\u00c7AS e QUINTAS com sa\u00edda do Alphaville da Paralela. O CTM possui 4 formatos diferentes que s\u00e3o voltados para quem quer aprender, treinar, iniciar e evoluir no Mountain Bike (pedalar em trilha). Os CTM\u00b4s s\u00e3o classificados em 4 tipos, cada um com seu formato [&hellip;]","og_url":"https:\/\/muraldeaventuras.com.br\/blog\/o-clube\/ctm-alphaville\/","og_site_name":"Mural de Aventuras","article_modified_time":"2022-10-17T12:36:09+00:00","og_image":[{"width":822,"height":822,"url":"https:\/\/muraldeaventuras.com.br\/blog\/wp-content\/uploads\/2017\/11\/CTMAlphaville.jpg","type":"image\/jpeg"}],"twitter_card":"summary_large_image","twitter_misc":{"Est. tempo de leitura":"3 minutos"},"schema":{"@context":"https:\/\/schema.org","@graph":[{"@type":"WebPage","@id":"https:\/\/muraldeaventuras.com.br\/blog\/o-clube\/ctm-alphaville\/","url":"https:\/\/muraldeaventuras.com.br\/blog\/o-clube\/ctm-alphaville\/","name":"Academia de Bike - CTM Alphaville - Mural de Aventuras","isPartOf":{"@id":"https:\/\/muraldeaventuras.com.br\/blog\/#website"},"primaryImageOfPage":{"@id":"https:\/\/muraldeaventuras.com.br\/blog\/o-clube\/ctm-alphaville\/#primaryimage"},"image":{"@id":"https:\/\/muraldeaventuras.com.br\/blog\/o-clube\/ctm-alphaville\/#primaryimage"},"thumbnailUrl":"https:\/\/muraldeaventuras.com.br\/blog\/wp-content\/uploads\/2017\/11\/CTMAlphaville.jpg","datePublished":"2017-09-14T02:26:00+00:00","dateModified":"2022-10-17T12:36:09+00:00","breadcrumb":{"@id":"https:\/\/muraldeaventuras.com.br\/blog\/o-clube\/ctm-alphaville\/#breadcrumb"},"inLanguage":"pt-BR","potentialAction":[{"@type":"ReadAction","target":["https:\/\/muraldeaventuras.com.br\/blog\/o-clube\/ctm-alphaville\/"]}]},{"@type":"ImageObject","inLanguage":"pt-BR","@id":"https:\/\/muraldeaventuras.com.br\/blog\/o-clube\/ctm-alphaville\/#primaryimage","url":"https:\/\/muraldeaventuras.com.br\/blog\/wp-content\/uploads\/2017\/11\/CTMAlphaville.jpg","contentUrl":"https:\/\/muraldeaventuras.com.br\/blog\/wp-content\/uploads\/2017\/11\/CTMAlphaville.jpg","width":822,"height":822,"caption":"CTM Alphaville"},{"@type":"BreadcrumbList","@id":"https:\/\/muraldeaventuras.com.br\/blog\/o-clube\/ctm-alphaville\/#breadcrumb","itemListElement":[{"@type":"ListItem","position":1,"name":"In\u00edcio","item":"https:\/\/muraldeaventuras.com.br\/blog\/"},{"@type":"ListItem","position":2,"name":"O Mural","item":"https:\/\/muraldeaventuras.com.br\/blog\/o-clube\/"},{"@type":"ListItem","position":3,"name":"Academia de Bike &#8211; CTM Alphaville"}]},{"@type":"WebSite","@id":"https:\/\/muraldeaventuras.com.br\/blog\/#website","url":"https:\/\/muraldeaventuras.com.br\/blog\/","name":"Mural de Aventuras","description":"","potentialAction":[{"@type":"SearchAction","target":{"@type":"EntryPoint","urlTemplate":"https:\/\/muraldeaventuras.com.br\/blog\/?s={search_term_string}"},"query-input":{"@type":"PropertyValueSpecification","valueRequired":true,"valueName":"search_term_string"}}],"inLanguage":"pt-BR"}]}},"jetpack_shortlink":"https:\/\/wp.me\/P9bzJR-ox","jetpack_sharing_enabled":true,"_links":{"self":[{"href":"https:\/\/muraldeaventuras.com.br\/blog\/wp-json\/wp\/v2\/pages\/1521","targetHints":{"allow":["GET"]}}],"collection":[{"href":"https:\/\/muraldeaventuras.com.br\/blog\/wp-json\/wp\/v2\/pages"}],"about":[{"href":"https:\/\/muraldeaventuras.com.br\/blog\/wp-json\/wp\/v2\/types\/page"}],"author":[{"embeddable":true,"href":"https:\/\/muraldeaventuras.com.br\/blog\/wp-json\/wp\/v2\/users\/3"}],"replies":[{"embeddable":true,"href":"https:\/\/muraldeaventuras.com.br\/blog\/wp-json\/wp\/v2\/comments?post=1521"}],"version-history":[{"count":51,"href":"https:\/\/muraldeaventuras.com.br\/blog\/wp-json\/wp\/v2\/pages\/1521\/revisions"}],"predecessor-version":[{"id":52220,"href":"https:\/\/muraldeaventuras.com.br\/blog\/wp-json\/wp\/v2\/pages\/1521\/revisions\/52220"}],"up":[{"embeddable":true,"href":"https:\/\/muraldeaventuras.com.br\/blog\/wp-json\/wp\/v2\/pages\/14"}],"wp:featuredmedia":[{"embeddable":true,"href":"https:\/\/muraldeaventuras.com.br\/blog\/wp-json\/wp\/v2\/media\/50840"}],"wp:attachment":[{"href":"https:\/\/muraldeaventuras.com.br\/blog\/wp-json\/wp\/v2\/media?parent=1521"}],"curies":[{"name":"wp","href":"https:\/\/api.w.org\/{rel}","templated":true}]}}