{"id":14,"date":"2017-09-12T22:30:22","date_gmt":"2017-09-13T01:30:22","guid":{"rendered":"http:\/\/muraldeaventuras.com.br\/\/?page_id=14"},"modified":"2021-04-21T22:16:09","modified_gmt":"2021-04-22T01:16:09","slug":"o-clube","status":"publish","type":"page","link":"https:\/\/muraldeaventuras.com.br\/blog\/o-clube\/","title":{"rendered":"O Mural"},"content":{"rendered":"<h2>APRESENTA\u00c7\u00c3O<\/h2>\n<p style=\"text-align: justify;\">O Mural de Aventuras \u00e9 uma ag\u00eancia de aventuras e um clube de ciclismo com mais de 12 anos de experi\u00eancia na realiza\u00e7\u00e3o de trilhas, ciclo aventuras, ciclo viagens, cicloturismos, expedi\u00e7\u00f5es e outros eventos esportivos no Brasil e no exterior. Como por exemplo, as expedi\u00e7\u00f5es nos Alpes (Alemanha, Su\u00ed\u00e7a, \u00c1ustria, It\u00e1lia), Cordilheira do Andes (Chile e Argentina), Deserto do Atacama, Estrada da Morte\u00a0 e Lago Titicaca (Bol\u00edvia e Peru), e Chapada Diamantina, Chapada dos Guimar\u00e3es, Chapada das Mesas, Chapada dos Veadeiros, Vale Europeu e Serra do Rio do Rastro, Jalap\u00e3o e muitas outras no Brasil.<\/p>\n<p style=\"text-align: justify;\">A equipe do Mural \u00e9 experiente em t\u00e9cnicas de mountain bike e possuem certifica\u00e7\u00e3o como prestadores de primeiros socorros.<\/p>\n<p style=\"text-align: justify;\">O Mural de Aventuras possui um extenso <a href=\"https:\/\/muraldeaventuras.com.br\/eventos\">calend\u00e1rio<\/a> de aventuras e eventos de diferentes <a href=\"https:\/\/muraldeaventuras.com.br\/blog\/o-clube\/niveis-de-dificuldade-das-aventuras\/\">n\u00edveis de dificuldad<\/a>e (do iniciante ao mais avan\u00e7ado) com foco quase sempre em bike. Para promover a prepara\u00e7\u00e3o f\u00edsica e t\u00e9cnica, necess\u00e1rias \u00e0 realiza\u00e7\u00e3o das aventuras, realizada duas vezes por semana o &#8220;<a href=\"https:\/\/muraldeaventuras.com.br\/blog\/o-clube\/ctm-alphaville\/\">CTM Alphaville<\/a>&#8220;, \u00e9 um pedal treino e uma \u00f3tima oportunidade para socializa\u00e7\u00e3o e troca de experiencia entre os participantes.<\/p>\n<p><strong>Veja o nosso <a href=\"https:\/\/muraldeaventuras.com.br\/blog\/o-clube\/regulamento\/\">REGULAMENTO<\/a>.<\/strong><\/p>\n<p style=\"text-align: justify;\"><strong>Venha para o Mural. Participe da aventura que sempre sonhou. Veja o nosso v\u00eddeo abaixo e conhe\u00e7a mais sobre o Mural.\u00a0<br \/><\/strong><\/p>\n<p><div class=\"jetpack-video-wrapper\"><span class=\"embed-youtube\" style=\"text-align:center; display: block;\"><iframe loading=\"lazy\" class=\"youtube-player\" width=\"640\" height=\"360\" src=\"https:\/\/www.youtube.com\/embed\/pPCw7rQMdTw?version=3&#038;rel=1&#038;showsearch=0&#038;showinfo=1&#038;iv_load_policy=1&#038;fs=1&#038;hl=pt-BR&#038;autohide=2&#038;wmode=transparent\" allowfullscreen=\"true\" style=\"border:0;\" sandbox=\"allow-scripts allow-same-origin allow-popups allow-presentation allow-popups-to-escape-sandbox\"><\/iframe><\/span><\/div><\/p>\n<p style=\"text-align: center;\"><strong>\u00a0<\/strong><\/p>\n\n\n<p><\/p>\n","protected":false},"excerpt":{"rendered":"<p>APRESENTA\u00c7\u00c3O O Mural de Aventuras \u00e9 uma ag\u00eancia de aventuras e um clube de ciclismo com mais de 12 anos de experi\u00eancia na realiza\u00e7\u00e3o de trilhas, ciclo aventuras, ciclo viagens, cicloturismos, expedi\u00e7\u00f5es e outros eventos esportivos no Brasil e no exterior. Como por exemplo, as expedi\u00e7\u00f5es nos Alpes (Alemanha, Su\u00ed\u00e7a, \u00c1ustria, It\u00e1lia), Cordilheira do Andes [&hellip;]<\/p>\n","protected":false},"author":2,"featured_media":0,"parent":0,"menu_order":2,"comment_status":"closed","ping_status":"closed","template":"","meta":{"_acf_changed":false,"footnotes":""},"class_list":["post-14","page","type-page","status-publish","hentry"],"better_featured_image":null,"acf":[],"yoast_head":"<!-- This site is optimized with the Yoast SEO plugin v27.2 - https:\/\/yoast.com\/product\/yoast-seo-wordpress\/ -->\n<title>O Mural - Mural de Aventuras<\/title>\n<meta name=\"robots\" content=\"index, follow, max-snippet:-1, max-image-preview:large, max-video-preview:-1\" \/>\n<link rel=\"canonical\" href=\"https:\/\/muraldeaventuras.com.br\/blog\/o-clube\/\" \/>\n<meta property=\"og:locale\" content=\"pt_BR\" \/>\n<meta property=\"og:type\" content=\"article\" \/>\n<meta property=\"og:title\" content=\"O Mural - Mural de Aventuras\" \/>\n<meta property=\"og:description\" content=\"APRESENTA\u00c7\u00c3O O Mural de Aventuras \u00e9 uma ag\u00eancia de aventuras e um clube de ciclismo com mais de 12 anos de experi\u00eancia na realiza\u00e7\u00e3o de trilhas, ciclo aventuras, ciclo viagens, cicloturismos, expedi\u00e7\u00f5es e outros eventos esportivos no Brasil e no exterior. Como por exemplo, as expedi\u00e7\u00f5es nos Alpes (Alemanha, Su\u00ed\u00e7a, \u00c1ustria, It\u00e1lia), Cordilheira do Andes [&hellip;]\" \/>\n<meta property=\"og:url\" content=\"https:\/\/muraldeaventuras.com.br\/blog\/o-clube\/\" \/>\n<meta property=\"og:site_name\" content=\"Mural de Aventuras\" \/>\n<meta property=\"article:modified_time\" content=\"2021-04-22T01:16:09+00:00\" \/>\n<meta name=\"twitter:card\" content=\"summary_large_image\" \/>\n<meta name=\"twitter:label1\" content=\"Est. tempo de leitura\" \/>\n\t<meta name=\"twitter:data1\" content=\"1 minuto\" \/>\n<script type=\"application\/ld+json\" class=\"yoast-schema-graph\">{\"@context\":\"https:\/\/schema.org\",\"@graph\":[{\"@type\":\"WebPage\",\"@id\":\"https:\/\/muraldeaventuras.com.br\/blog\/o-clube\/\",\"url\":\"https:\/\/muraldeaventuras.com.br\/blog\/o-clube\/\",\"name\":\"O Mural - Mural de Aventuras\",\"isPartOf\":{\"@id\":\"https:\/\/muraldeaventuras.com.br\/blog\/#website\"},\"datePublished\":\"2017-09-13T01:30:22+00:00\",\"dateModified\":\"2021-04-22T01:16:09+00:00\",\"breadcrumb\":{\"@id\":\"https:\/\/muraldeaventuras.com.br\/blog\/o-clube\/#breadcrumb\"},\"inLanguage\":\"pt-BR\",\"potentialAction\":[{\"@type\":\"ReadAction\",\"target\":[\"https:\/\/muraldeaventuras.com.br\/blog\/o-clube\/\"]}]},{\"@type\":\"BreadcrumbList\",\"@id\":\"https:\/\/muraldeaventuras.com.br\/blog\/o-clube\/#breadcrumb\",\"itemListElement\":[{\"@type\":\"ListItem\",\"position\":1,\"name\":\"In\u00edcio\",\"item\":\"https:\/\/muraldeaventuras.com.br\/blog\/\"},{\"@type\":\"ListItem\",\"position\":2,\"name\":\"O Mural\"}]},{\"@type\":\"WebSite\",\"@id\":\"https:\/\/muraldeaventuras.com.br\/blog\/#website\",\"url\":\"https:\/\/muraldeaventuras.com.br\/blog\/\",\"name\":\"Mural de Aventuras\",\"description\":\"\",\"potentialAction\":[{\"@type\":\"SearchAction\",\"target\":{\"@type\":\"EntryPoint\",\"urlTemplate\":\"https:\/\/muraldeaventuras.com.br\/blog\/?s={search_term_string}\"},\"query-input\":{\"@type\":\"PropertyValueSpecification\",\"valueRequired\":true,\"valueName\":\"search_term_string\"}}],\"inLanguage\":\"pt-BR\"}]}<\/script>\n<!-- \/ Yoast SEO plugin. -->","yoast_head_json":{"title":"O Mural - Mural de Aventuras","robots":{"index":"index","follow":"follow","max-snippet":"max-snippet:-1","max-image-preview":"max-image-preview:large","max-video-preview":"max-video-preview:-1"},"canonical":"https:\/\/muraldeaventuras.com.br\/blog\/o-clube\/","og_locale":"pt_BR","og_type":"article","og_title":"O Mural - Mural de Aventuras","og_description":"APRESENTA\u00c7\u00c3O O Mural de Aventuras \u00e9 uma ag\u00eancia de aventuras e um clube de ciclismo com mais de 12 anos de experi\u00eancia na realiza\u00e7\u00e3o de trilhas, ciclo aventuras, ciclo viagens, cicloturismos, expedi\u00e7\u00f5es e outros eventos esportivos no Brasil e no exterior. Como por exemplo, as expedi\u00e7\u00f5es nos Alpes (Alemanha, Su\u00ed\u00e7a, \u00c1ustria, It\u00e1lia), Cordilheira do Andes [&hellip;]","og_url":"https:\/\/muraldeaventuras.com.br\/blog\/o-clube\/","og_site_name":"Mural de Aventuras","article_modified_time":"2021-04-22T01:16:09+00:00","twitter_card":"summary_large_image","twitter_misc":{"Est. tempo de leitura":"1 minuto"},"schema":{"@context":"https:\/\/schema.org","@graph":[{"@type":"WebPage","@id":"https:\/\/muraldeaventuras.com.br\/blog\/o-clube\/","url":"https:\/\/muraldeaventuras.com.br\/blog\/o-clube\/","name":"O Mural - Mural de Aventuras","isPartOf":{"@id":"https:\/\/muraldeaventuras.com.br\/blog\/#website"},"datePublished":"2017-09-13T01:30:22+00:00","dateModified":"2021-04-22T01:16:09+00:00","breadcrumb":{"@id":"https:\/\/muraldeaventuras.com.br\/blog\/o-clube\/#breadcrumb"},"inLanguage":"pt-BR","potentialAction":[{"@type":"ReadAction","target":["https:\/\/muraldeaventuras.com.br\/blog\/o-clube\/"]}]},{"@type":"BreadcrumbList","@id":"https:\/\/muraldeaventuras.com.br\/blog\/o-clube\/#breadcrumb","itemListElement":[{"@type":"ListItem","position":1,"name":"In\u00edcio","item":"https:\/\/muraldeaventuras.com.br\/blog\/"},{"@type":"ListItem","position":2,"name":"O Mural"}]},{"@type":"WebSite","@id":"https:\/\/muraldeaventuras.com.br\/blog\/#website","url":"https:\/\/muraldeaventuras.com.br\/blog\/","name":"Mural de Aventuras","description":"","potentialAction":[{"@type":"SearchAction","target":{"@type":"EntryPoint","urlTemplate":"https:\/\/muraldeaventuras.com.br\/blog\/?s={search_term_string}"},"query-input":{"@type":"PropertyValueSpecification","valueRequired":true,"valueName":"search_term_string"}}],"inLanguage":"pt-BR"}]}},"jetpack_shortlink":"https:\/\/wp.me\/P9bzJR-e","jetpack_sharing_enabled":true,"_links":{"self":[{"href":"https:\/\/muraldeaventuras.com.br\/blog\/wp-json\/wp\/v2\/pages\/14","targetHints":{"allow":["GET"]}}],"collection":[{"href":"https:\/\/muraldeaventuras.com.br\/blog\/wp-json\/wp\/v2\/pages"}],"about":[{"href":"https:\/\/muraldeaventuras.com.br\/blog\/wp-json\/wp\/v2\/types\/page"}],"author":[{"embeddable":true,"href":"https:\/\/muraldeaventuras.com.br\/blog\/wp-json\/wp\/v2\/users\/2"}],"replies":[{"embeddable":true,"href":"https:\/\/muraldeaventuras.com.br\/blog\/wp-json\/wp\/v2\/comments?post=14"}],"version-history":[{"count":24,"href":"https:\/\/muraldeaventuras.com.br\/blog\/wp-json\/wp\/v2\/pages\/14\/revisions"}],"predecessor-version":[{"id":52066,"href":"https:\/\/muraldeaventuras.com.br\/blog\/wp-json\/wp\/v2\/pages\/14\/revisions\/52066"}],"wp:attachment":[{"href":"https:\/\/muraldeaventuras.com.br\/blog\/wp-json\/wp\/v2\/media?parent=14"}],"curies":[{"name":"wp","href":"https:\/\/api.w.org\/{rel}","templated":true}]}}